{"id":96,"date":"2023-01-06T09:19:43","date_gmt":"2023-01-06T09:19:43","guid":{"rendered":"https:\/\/coopreneur.top\/?page_id=96"},"modified":"2023-01-06T09:19:43","modified_gmt":"2023-01-06T09:19:43","slug":"finansialiseringen-av-okonomien","status":"publish","type":"page","link":"https:\/\/coopreneur.no\/index.php\/finansialiseringen-av-okonomien\/","title":{"rendered":"Finansialisering"},"content":{"rendered":"<h2>Finansialiseringen av \u00d8konomien<\/h2>\n<p style=\"padding-left: 40px;\"><em>Finans\u00f8konomien er i hovedsak en samling av eiendeler, som aksjer, obligasjoner, l\u00e5n og boligl\u00e5n. Dette er alle krav mot real\u00f8konomien. Hver dollar en person skylder som gjeld holdes av noen andre som en eiendel.<\/em><\/p>\n<p style=\"text-align: right;\"><span style=\"font-size: 8pt;\">Marjorie Kelly and Ted Howard (2019:104) <em>The Making of a Democratic Economy. Building Prosperity for the Many, Not Just the Few.<\/em> [uthevning lagt til]<\/span><\/p>\n<p>Collins 2015 definerer finansialisering som \u2018<em>det \u00f8kende omfang -og l\u00f8nnsomhet til den finansielle sektor<\/em>\u2019 som har skjedd \u2018<em>p\u00e5 bekostning av resten av \u00f8konomien<\/em>\u2019 og med \u2018<em>krympingen av [den statlige] reguleringen som [har] styrt regler og avkastning<\/em>\u2019:<\/p>\n<p style=\"padding-left: 40px;\"><em>\u201cSiden 1980-tallet har finansn\u00e6ringen s\u00f8kt kortsiktig \u00f8konomisk avkastning over langsiktige m\u00e5l som teknologi og produktutvikling. Avkastningen har overveiende g\u00e5tt til de velst\u00e5ende og drevet ulikheten. Wall Street fulgte deres kapitalistiske instinkter og s\u00e5 at det var mer profitt i \u00e5 tjene penger p\u00e5 penger i stedet for [fysiske] produkter. De \u00f8nsket rask avkastning fra finansielle instrumenter og programvare i stedet for \u00e5 investere i dyre fysiske fabrikker.\u201d<\/em><\/p>\n<p style=\"text-align: right;\"><span style=\"font-size: 8pt;\">(Mike Collins (2015): <strong><span style=\"color: #3366ff;\"><a style=\"color: #3366ff;\" href=\"https:\/\/www.forbes.com\/sites\/mikecollins\/2015\/02\/04\/wall-street-and-the-financialization-of-the-economy\/#5ab4dd075783:\">Wall Street And The Financialization Of The Economy<\/a><\/span><\/strong> \u00a0[egen oversettelse, uthevning og tekst i klammer lagt til]<\/span><\/p>\n<p>Kelly and Howard 2019 referer til den finansielle dereguleringen under Reagan og Thatcher som p\u00e5 1980-tallet \u2018<em>oppmuntret finans, forsikrings og eiendoms-sektorene..til \u00e5 veve seg s\u00e5 tett sammen at de ble ansett som en enkelt sektor\u2019<\/em>:<\/p>\n<p style=\"padding-left: 40px;\"><em>\u00a0<\/em><em>\u00ab[I Storbritannia i 1990] var finansielle eiendeler i privat sektor (verdipapirer, l\u00e5n, aksjer, pensjoner, forsikringer) ca. 4 x BNP. [Med].. flere boligl\u00e5n, mer fortjeneste, mer gjeld, \u00f8kte summen av \u00f8konomiske krav. Innen \u00e5r 2006..var gjelds-sf\u00e6ren \u00e5tte ganger s\u00e5 stor som \u00f8konomien som st\u00f8ttet den [8 x BNP].<\/em><\/p>\n<p style=\"padding-left: 40px;\"><em>\u00a0<\/em><em>Dette satte scenen for 2008-kollapsen. Ettersom pantel\u00e5nere gikk tom for rimelige boligl\u00e5n \u00e5 skrive, begynte de \u00e5 utstede hensynsl\u00f8se l\u00e5n som aldri kunne betales tilbake.. Men fordi systemets essens var umettelighet, kunne dets logikk ikke forst\u00e5 ideen om for mye finansiell rikdom. Dermed ble flere og mer absurde krav produsert inntil gjelds-belastningen oversteg real\u00f8konomiens b\u00e6reevne.\u00bb<\/em><\/p>\n<p style=\"text-align: right;\"><span style=\"font-size: 8pt;\">Marjorie Kelly and Ted Howard (2019:105) <em>The Making of a Democratic Economy. Building Prosperity for the Many, Not Just the Few.<\/em> [uthevning og tekst i klammer lagt til]<\/span><\/p>\n<p>Quigley og Roemers p\u00e5 sin side peker p\u00e5 at \u00ab<em>v\u00e5re euros og dollars er basert p\u00e5 rente-b\u00e6rende gjeld som gir insentiv til spekulasjon og \u2018rent-seeking<\/em>\u2019, dvs. \u2018<em>tjene profitt uten \u00e5 gi noen fordeler til samunnet<\/em>\u2019, og endelig at dette har \u2018<em>drevet finansialiseringen<\/em>\u00bb\u00a0 (Seadna Quigley and Gerard Roemers 2017: <strong><span style=\"color: #3366ff;\"><a style=\"color: #3366ff;\" href=\"https:\/\/www.metabolic.nl\/news\/alternative-currencies-enable-circular-economy\/\">How alternative currencies can enable a circular economy<\/a><\/span><\/strong>). Wikipedias norske oversettelse av<em>\u2018rent-seeking<\/em>\u2019 er \u2018<a href=\"https:\/\/no.wikipedia.org\/wiki\/Tilkarringsvirksomhet\">tilkarringsvirksomhet<\/a>\u2019). If\u00f8lge<strong><span style=\"color: #3366ff;\"><a style=\"color: #3366ff;\" href=\"https:\/\/en.wikipedia.org\/wiki\/Rent-seeking.\"> Wikipedia\u2019s engelske artikkel<\/a> <\/span><\/strong>er den opprinnelige betydningen det \u00e5 skaffe seg kontroll over landeiendom og natur-ressurser, &#8211; p\u00e5 bekostning, kan vi legge til,- av fellesskapets ressurser.<\/p>\n<p>Vel f\u00f8r finanskrisen i 2008, ga Lietaer 1997 sin advarsel og beskrev <strong><u>systemets demokratiske mangel<\/u><\/strong>:<\/p>\n<p style=\"padding-left: 40px;\"><strong><em>\u00abDagens offisielle pengesystem har nesten ingenting med real\u00f8konomien \u00e5 gj\u00f8re<\/em><\/strong><em>. Statistikk fra 1995 indikerer at volumet av valuta som utveksles p\u00e5 globalt niv\u00e5 er..30 ganger mer enn det daglige bruttonasjonalproduktet (BNP) for alle de utviklede landene (OECD) til sammen. <\/em><\/p>\n<p style=\"padding-left: 40px;\"><em>\u00a0<\/em><em>Det \u00e5rlige BNP i USA snus i markedet hver tredje dag! Av det volumet har bare 2 eller 3 % \u00e5 gj\u00f8re med reell handel eller investering; resten finner sted i det spekulative globale cyber-kasinoet&#8230;<\/em><\/p>\n<p style=\"padding-left: 40px;\"><em>\u00a0<\/em><em>Makt har flyttet ugjenkallelig bort fra regjeringer mot finansmarkedene.. <strong>S\u00e5 noen hundre mennesker, som ikke er valgt av noen og ikke har noe kollektivt ansvar overhodet, bestemmer hva pensjonsfondet ditt er verdt \u2013 blant annet<\/strong>. ..Jeg ser det n\u00e5 som en 50\/50 sjanse [at det vil v\u00e6re et kr\u00e6sj] i l\u00f8pet av de neste fem eller ti \u00e5rene.\u00bb<\/em> [Dette ble skrevet i 1997, 11 \u00e5r f\u00f8r finanskrakket i 2008].<\/p>\n<p style=\"text-align: right;\"><span style=\"font-size: 8pt;\"><a href=\"Bernard%20Lietaer\"><em>Bernard Lietaer<\/em><\/a>\u00a0(1997) <em>Beyond Greed and Scarcity <\/em><strong><span style=\"color: #3366ff;\"><a style=\"color: #3366ff;\" href=\"http:\/\/www.lietaer.com\/images\/Interview_Yes!.pdf\">http:\/\/www.lietaer.com\/images\/Interview_Yes!.pdf<\/a> \u00a0<\/span><\/strong>\u00a0[egen oversettelse, uthevning og tekst i lammer lagt til]<\/span><\/p>\n<div id=\"52AD2192_191A_4A25_6BDF_CC50FCFD217A\"><\/div>\n<div id=\"52AD2192_191A_4A25_6BDF_CC50FCFD217A\"><\/div>\n","protected":false},"excerpt":{"rendered":"<p>Finansialiseringen av \u00d8konomien Finans\u00f8konomien er i hovedsak en samling av eiendeler, som aksjer, obligasjoner, l\u00e5n og boligl\u00e5n. Dette er alle krav mot real\u00f8konomien. Hver dollar en person skylder som gjeld holdes av noen andre som en eiendel. Marjorie Kelly and Ted Howard (2019:104) The Making of a Democratic Economy. Building Prosperity for the Many, Not [&hellip;]<\/p>\n","protected":false},"author":2,"featured_media":0,"parent":0,"menu_order":0,"comment_status":"closed","ping_status":"closed","template":"","meta":{"footnotes":""},"class_list":["post-96","page","type-page","status-publish","hentry"],"yoast_head":"<!-- This site is optimized with the Yoast SEO plugin v24.7 - https:\/\/yoast.com\/wordpress\/plugins\/seo\/ -->\n<title>Finansialisering - Coopreneur<\/title>\n<meta name=\"robots\" content=\"index, follow, max-snippet:-1, max-image-preview:large, max-video-preview:-1\" \/>\n<link rel=\"canonical\" href=\"https:\/\/coopreneur.no\/index.php\/finansialiseringen-av-okonomien\/\" \/>\n<meta property=\"og:locale\" content=\"en_GB\" \/>\n<meta property=\"og:type\" content=\"article\" \/>\n<meta property=\"og:title\" content=\"Finansialisering - Coopreneur\" \/>\n<meta property=\"og:description\" content=\"Finansialiseringen av \u00d8konomien Finans\u00f8konomien er i hovedsak en samling av eiendeler, som aksjer, obligasjoner, l\u00e5n og boligl\u00e5n. Dette er alle krav mot real\u00f8konomien. Hver dollar en person skylder som gjeld holdes av noen andre som en eiendel. Marjorie Kelly and Ted Howard (2019:104) The Making of a Democratic Economy. Building Prosperity for the Many, Not [&hellip;]\" \/>\n<meta property=\"og:url\" content=\"https:\/\/coopreneur.no\/index.php\/finansialiseringen-av-okonomien\/\" \/>\n<meta property=\"og:site_name\" content=\"Coopreneur\" \/>\n<meta name=\"twitter:card\" content=\"summary_large_image\" \/>\n<meta name=\"twitter:label1\" content=\"Estimated reading time\" \/>\n\t<meta name=\"twitter:data1\" content=\"3 minutes\" \/>\n<script type=\"application\/ld+json\" class=\"yoast-schema-graph\">{\"@context\":\"https:\/\/schema.org\",\"@graph\":[{\"@type\":\"WebPage\",\"@id\":\"https:\/\/coopreneur.no\/index.php\/finansialiseringen-av-okonomien\/\",\"url\":\"https:\/\/coopreneur.no\/index.php\/finansialiseringen-av-okonomien\/\",\"name\":\"Finansialisering - Coopreneur\",\"isPartOf\":{\"@id\":\"https:\/\/coopreneur.no\/#website\"},\"datePublished\":\"2023-01-06T09:19:43+00:00\",\"breadcrumb\":{\"@id\":\"https:\/\/coopreneur.no\/index.php\/finansialiseringen-av-okonomien\/#breadcrumb\"},\"inLanguage\":\"en-GB\",\"potentialAction\":[{\"@type\":\"ReadAction\",\"target\":[\"https:\/\/coopreneur.no\/index.php\/finansialiseringen-av-okonomien\/\"]}]},{\"@type\":\"BreadcrumbList\",\"@id\":\"https:\/\/coopreneur.no\/index.php\/finansialiseringen-av-okonomien\/#breadcrumb\",\"itemListElement\":[{\"@type\":\"ListItem\",\"position\":1,\"name\":\"Home\",\"item\":\"https:\/\/coopreneur.no\/\"},{\"@type\":\"ListItem\",\"position\":2,\"name\":\"Finansialisering\"}]},{\"@type\":\"WebSite\",\"@id\":\"https:\/\/coopreneur.no\/#website\",\"url\":\"https:\/\/coopreneur.no\/\",\"name\":\"Coopreneur\",\"description\":\"Cooperative Social Entrepreneurship\",\"publisher\":{\"@id\":\"https:\/\/coopreneur.no\/#organization\"},\"potentialAction\":[{\"@type\":\"SearchAction\",\"target\":{\"@type\":\"EntryPoint\",\"urlTemplate\":\"https:\/\/coopreneur.no\/?s={search_term_string}\"},\"query-input\":{\"@type\":\"PropertyValueSpecification\",\"valueRequired\":true,\"valueName\":\"search_term_string\"}}],\"inLanguage\":\"en-GB\"},{\"@type\":\"Organization\",\"@id\":\"https:\/\/coopreneur.no\/#organization\",\"name\":\"Coopreneur\",\"url\":\"https:\/\/coopreneur.no\/\",\"logo\":{\"@type\":\"ImageObject\",\"inLanguage\":\"en-GB\",\"@id\":\"https:\/\/coopreneur.no\/#\/schema\/logo\/image\/\",\"url\":\"https:\/\/coopreneur.no\/wp-content\/uploads\/2023\/01\/cropped-ic_launcher2-playstore.png\",\"contentUrl\":\"https:\/\/coopreneur.no\/wp-content\/uploads\/2023\/01\/cropped-ic_launcher2-playstore.png\",\"width\":512,\"height\":512,\"caption\":\"Coopreneur\"},\"image\":{\"@id\":\"https:\/\/coopreneur.no\/#\/schema\/logo\/image\/\"}}]}<\/script>\n<!-- \/ Yoast SEO plugin. -->","yoast_head_json":{"title":"Finansialisering - Coopreneur","robots":{"index":"index","follow":"follow","max-snippet":"max-snippet:-1","max-image-preview":"max-image-preview:large","max-video-preview":"max-video-preview:-1"},"canonical":"https:\/\/coopreneur.no\/index.php\/finansialiseringen-av-okonomien\/","og_locale":"en_GB","og_type":"article","og_title":"Finansialisering - Coopreneur","og_description":"Finansialiseringen av \u00d8konomien Finans\u00f8konomien er i hovedsak en samling av eiendeler, som aksjer, obligasjoner, l\u00e5n og boligl\u00e5n. Dette er alle krav mot real\u00f8konomien. Hver dollar en person skylder som gjeld holdes av noen andre som en eiendel. Marjorie Kelly and Ted Howard (2019:104) The Making of a Democratic Economy. Building Prosperity for the Many, Not [&hellip;]","og_url":"https:\/\/coopreneur.no\/index.php\/finansialiseringen-av-okonomien\/","og_site_name":"Coopreneur","twitter_card":"summary_large_image","twitter_misc":{"Estimated reading time":"3 minutes"},"schema":{"@context":"https:\/\/schema.org","@graph":[{"@type":"WebPage","@id":"https:\/\/coopreneur.no\/index.php\/finansialiseringen-av-okonomien\/","url":"https:\/\/coopreneur.no\/index.php\/finansialiseringen-av-okonomien\/","name":"Finansialisering - Coopreneur","isPartOf":{"@id":"https:\/\/coopreneur.no\/#website"},"datePublished":"2023-01-06T09:19:43+00:00","breadcrumb":{"@id":"https:\/\/coopreneur.no\/index.php\/finansialiseringen-av-okonomien\/#breadcrumb"},"inLanguage":"en-GB","potentialAction":[{"@type":"ReadAction","target":["https:\/\/coopreneur.no\/index.php\/finansialiseringen-av-okonomien\/"]}]},{"@type":"BreadcrumbList","@id":"https:\/\/coopreneur.no\/index.php\/finansialiseringen-av-okonomien\/#breadcrumb","itemListElement":[{"@type":"ListItem","position":1,"name":"Home","item":"https:\/\/coopreneur.no\/"},{"@type":"ListItem","position":2,"name":"Finansialisering"}]},{"@type":"WebSite","@id":"https:\/\/coopreneur.no\/#website","url":"https:\/\/coopreneur.no\/","name":"Coopreneur","description":"Cooperative Social Entrepreneurship","publisher":{"@id":"https:\/\/coopreneur.no\/#organization"},"potentialAction":[{"@type":"SearchAction","target":{"@type":"EntryPoint","urlTemplate":"https:\/\/coopreneur.no\/?s={search_term_string}"},"query-input":{"@type":"PropertyValueSpecification","valueRequired":true,"valueName":"search_term_string"}}],"inLanguage":"en-GB"},{"@type":"Organization","@id":"https:\/\/coopreneur.no\/#organization","name":"Coopreneur","url":"https:\/\/coopreneur.no\/","logo":{"@type":"ImageObject","inLanguage":"en-GB","@id":"https:\/\/coopreneur.no\/#\/schema\/logo\/image\/","url":"https:\/\/coopreneur.no\/wp-content\/uploads\/2023\/01\/cropped-ic_launcher2-playstore.png","contentUrl":"https:\/\/coopreneur.no\/wp-content\/uploads\/2023\/01\/cropped-ic_launcher2-playstore.png","width":512,"height":512,"caption":"Coopreneur"},"image":{"@id":"https:\/\/coopreneur.no\/#\/schema\/logo\/image\/"}}]}},"_links":{"self":[{"href":"https:\/\/coopreneur.no\/index.php\/wp-json\/wp\/v2\/pages\/96","targetHints":{"allow":["GET"]}}],"collection":[{"href":"https:\/\/coopreneur.no\/index.php\/wp-json\/wp\/v2\/pages"}],"about":[{"href":"https:\/\/coopreneur.no\/index.php\/wp-json\/wp\/v2\/types\/page"}],"author":[{"embeddable":true,"href":"https:\/\/coopreneur.no\/index.php\/wp-json\/wp\/v2\/users\/2"}],"replies":[{"embeddable":true,"href":"https:\/\/coopreneur.no\/index.php\/wp-json\/wp\/v2\/comments?post=96"}],"version-history":[{"count":0,"href":"https:\/\/coopreneur.no\/index.php\/wp-json\/wp\/v2\/pages\/96\/revisions"}],"wp:attachment":[{"href":"https:\/\/coopreneur.no\/index.php\/wp-json\/wp\/v2\/media?parent=96"}],"curies":[{"name":"wp","href":"https:\/\/api.w.org\/{rel}","templated":true}]}}