{"id":87,"date":"2023-01-06T08:42:24","date_gmt":"2023-01-06T07:42:24","guid":{"rendered":"https:\/\/coopreneur.top\/?page_id=87"},"modified":"2024-11-09T17:13:48","modified_gmt":"2024-11-09T17:13:48","slug":"eierskap-design","status":"publish","type":"page","link":"https:\/\/coopreneur.no\/index.php\/eierskap-design\/","title":{"rendered":"Eierskaps-Design"},"content":{"rendered":"<h2>Behov for System-endring<\/h2>\n<p style=\"padding-left: 40px;\"><em>\u00abDe fleste av oss skj\u00f8nner ikke at <strong>eierskap har et<u> design<\/u><\/strong>. Vi tenker p\u00e5 eierskap som et faktum: du eier noe eller ikke..<strong><u>Mens milj\u00f8bevegelsen har fokusert p\u00e5 fysiske teknologier, har den neglisjert det mer grunnleggende sp\u00f8rsm\u00e5let om eierskapsdesign som driver bedriftens beslutninger.. <\/u><\/strong><\/em><\/p>\n<p style=\"padding-left: 40px;\"><em>\u00a0<\/em><em>Systemer produserer utfall..[som er] logiske resultater av hvordan de er konstruert, hva m\u00e5lene er, hvem som har makten..<strong>Hvis vi \u00f8nsker resultater i samsvar med \u00e5nden og visjonen til en demokratisk \u00f8konomi, m\u00e5 vi designe for disse p\u00e5 <u>systemniv\u00e5<\/u><\/strong>.\u00bb<\/em><\/p>\n<p style=\"text-align: right;\"><span style=\"font-size: 8pt;\">Marjorie Kelly og Ted Howard (2019: 80, 21) <em>The Making of a Democratic Economy. Building Prosperity for the Many, Not Just the Few <\/em>[egen oversettelse, tekst i klammer og utheving lagt til]<\/span><\/p>\n<p>&nbsp;<\/p>\n<p>Kelly og Howards m\u00e5l for systemendring <a href=\"#_ftn1\" name=\"_ftnref1\">[1]<\/a> er <em>\u00e5 tjene fellesskapet<\/em> (\u2018the common good\u2019- ett av syv prinsipper for \u2018<em>den demokratiske \u00f8konomien<\/em>\u2019). <strong>Her fokuserer vi p\u00e5 <u>prinsippet for demokratisert eierskap<\/u>, som m\u00e5 bryte med dagens eierskapsdesign hvor selskaper er:<\/strong><\/p>\n<p><em>\u00abkortsiktige, krever uendelig vekst, m\u00e5ler suksess ved profitt og aksjekurs, eksternaliserer kostnader til milj\u00f8et og er altfor ofte amoralske i beslutningstaking\u2019\u00bb. <\/em><\/p>\n<p style=\"text-align: right;\"><span style=\"font-size: 8pt;\">(ibid: 24, egen oversettelse, utheving lagt til).<\/span><\/p>\n<p>Gitt kapital-favorisering, lojalitetsplikt overfor aksjeeiere og finansialisering, mener Kelly og Howard at eierskapsutforming m\u00e5 styre mot et system som ikke begrenser seg til:<\/p>\n<ul>\n<li><em><em>\u201cskatte- og utgiftsoverf\u00f8ringstiltak, som i dag demonteres av skattekutt og innstramninger.<\/em><\/em><\/li>\n<li><em>den regulatoriske staten, [som i dag blir] knust under angrepet av deregulering, privatisering og avvikling av styring (\u2018dismantling of government\u2019).\u201d <\/em><\/li>\n<\/ul>\n<p style=\"text-align: right;\"><span style=\"font-size: 8pt;\">[Kelly og Howard (ibid.:7) egen oversettelse, utheving lagt til]<\/span><\/p>\n<p><strong>Kelly og Howard gjenspeiler ogs\u00e5 Polanyi sitt argument for fellesskap og lokal forankring<\/strong> \u00a0(\u2018embeddedness through community\u2019 )<a href=\"#_ftn2\" name=\"_ftnref2\"> [2]<\/a> :<\/p>\n<ul>\n<li><em>\u00a0<\/em><em><em>\u201cI et investor-sentrert foretak blir bedrifter sett p\u00e5 som objekter; det er perspektivet til eiere som st\u00e5r p\u00e5 utsiden av et firma, og som s\u00f8ker \u00e5 hente rikdom fra det.<\/em><\/em><\/li>\n<li><em>\u00a0<\/em><em>N\u00e5r <u>eiere st\u00e5r inne i en bedrift<\/u> og gj\u00f8r sitt daglige arbeid, endres bedriftens natur: fra objekt til fellesskap. Eierskap forvandles fra \u00f8konomisk utvinning til menneskelig tilh\u00f8righet.\u201d<\/em><\/li>\n<\/ul>\n<p style=\"text-align: right;\"><span style=\"font-size: 8pt;\">[Kelly og Howard (ibid. 65-66) egen oversettelse, utheving lagt til]<\/span><\/p>\n<p><strong>Her er det samsvar ogs\u00e5 med undertegnedes argumentet om at kooperativer m\u00e5 v\u00e6re lokalt forankret for at medlemmene skal kunne identifisere seg med,- og aktivt ta del i driften.\u00a0Dette st\u00e5r i sterk kontrast til \u2018det spinkle forholdet\u2019 aksjon\u00e6rer har til b\u00f8rsnoterte selskaper:<\/strong><\/p>\n<p style=\"padding-left: 40px;\"><em>\u00abmed aksjer som holdes i minutter av de som ikke kjenner navnene p\u00e5 &#8220;deres&#8221; selskaper &#8211; er de gjort verdige gjennom termen eierskap. Arbeidere som g\u00e5r til et selskap hver dag og produserer dets formue, blir frar\u00f8vet.\u00bb<\/em><\/p>\n<p style=\"text-align: right;\"><span style=\"font-size: 8pt;\">[Kelly and Howard (ibid. 69) egen oversettelse]<\/span><\/p>\n<p>&nbsp;<\/p>\n<p>Relatert til dette notatet er ogs\u00e5 diskusjonen om forvaltnings-ansvar (\u2018stewardship\u2019) versus eierskap, n\u00e6rmere belyst i <strong><span style=\"text-decoration: underline;\"><span style=\"color: #3366ff;\"><a style=\"color: #3366ff; text-decoration: underline;\" href=\"https:\/\/coopreneur.no\/index.php\/kursoversikt\/\">kursopplegget for <em>Kooperativt Sosialt Entrepren\u00f8rskap<\/em><\/a><\/span><em>.<\/em><\/span><\/strong><\/p>\n<p>&nbsp;<\/p>\n<p><strong>Noter:<\/strong><\/p>\n<p><a href=\"#_ftnref1\" name=\"_ftn1\">[1]<\/a> Merk at undertegnedes kursopplegg for <em>Kooperativt Sosialt Entrepren\u00f8rskap<\/em> har identifisert fem verkt\u00f8y for system-endring, hvorav eierskap-design er illustrert gjennom ulike forretningsmodeller. Jfr. ogs\u00e5 notatet <span style=\"text-decoration: underline;\"><strong><a href=\"https:\/\/coopreneur.no\/index.php\/re-lokalisering\/\"><em>(<\/em><\/a><\/strong><a href=\"https:\/\/coopreneur.no\/index.php\/re-lokalisering\/\"><em><span style=\"color: #3366ff; text-decoration: underline;\"><strong>Re-) Lokalisering:<\/strong> <strong>Rasjonale &amp; Basis for \u00d8konomisk Demokrati<\/strong><\/span><\/em><\/a><\/span> som bygger opp under argumentet for eierskap-design mht. ulikhet, milj\u00f8, klima og demokrati.<\/p>\n<p><a href=\"#_ftnref2\" name=\"_ftn2\">[2]<\/a> I den <strong><span style=\"text-decoration: underline; color: #3366ff;\"><a style=\"color: #3366ff; text-decoration: underline;\" href=\"https:\/\/coopreneur.no\/index.php\/en\/re-localization-why-going-local-its-the-local-economy-stupid\/\">engelske versjon av dette notatet<\/a> <\/span><\/strong>refereres det til Karl Polanyi sin klassiske <em>The Great Transformation<\/em>, og ikke minst David Bollier sin forklaring p\u00e5 hvorfor han er minst like aktuell i dag.<\/p>\n<div id=\"52AD2192_191A_4A25_6BDF_CC50FCFD217A\"><\/div>\n<div id=\"52AD2192_191A_4A25_6BDF_CC50FCFD217A\"><\/div>\n<div id=\"52AD2192_191A_4A25_6BDF_CC50FCFD217A\"><\/div>\n<div id=\"52AD2192_191A_4A25_6BDF_CC50FCFD217A\"><\/div>\n<div id=\"52AD2192_191A_4A25_6BDF_CC50FCFD217A\"><\/div>\n<div id=\"52AD2192_191A_4A25_6BDF_CC50FCFD217A\"><\/div>\n","protected":false},"excerpt":{"rendered":"<p>Behov for System-endring \u00abDe fleste av oss skj\u00f8nner ikke at eierskap har et design. Vi tenker p\u00e5 eierskap som et faktum: du eier noe eller ikke..Mens milj\u00f8bevegelsen har fokusert p\u00e5 fysiske teknologier, har den neglisjert det mer grunnleggende sp\u00f8rsm\u00e5let om eierskapsdesign som driver bedriftens beslutninger.. \u00a0Systemer produserer utfall..[som er] logiske resultater av hvordan de er [&hellip;]<\/p>\n","protected":false},"author":2,"featured_media":0,"parent":0,"menu_order":0,"comment_status":"closed","ping_status":"closed","template":"","meta":{"footnotes":""},"class_list":["post-87","page","type-page","status-publish","hentry"],"yoast_head":"<!-- This site is optimized with the Yoast SEO plugin v24.7 - https:\/\/yoast.com\/wordpress\/plugins\/seo\/ -->\n<title>Eierskaps-Design - Coopreneur<\/title>\n<meta name=\"robots\" content=\"index, follow, max-snippet:-1, max-image-preview:large, max-video-preview:-1\" \/>\n<link rel=\"canonical\" href=\"https:\/\/coopreneur.no\/index.php\/eierskap-design\/\" \/>\n<meta property=\"og:locale\" content=\"en_GB\" \/>\n<meta property=\"og:type\" content=\"article\" \/>\n<meta property=\"og:title\" content=\"Eierskaps-Design - Coopreneur\" \/>\n<meta property=\"og:description\" content=\"Behov for System-endring \u00abDe fleste av oss skj\u00f8nner ikke at eierskap har et design. Vi tenker p\u00e5 eierskap som et faktum: du eier noe eller ikke..Mens milj\u00f8bevegelsen har fokusert p\u00e5 fysiske teknologier, har den neglisjert det mer grunnleggende sp\u00f8rsm\u00e5let om eierskapsdesign som driver bedriftens beslutninger.. \u00a0Systemer produserer utfall..[som er] logiske resultater av hvordan de er [&hellip;]\" \/>\n<meta property=\"og:url\" content=\"https:\/\/coopreneur.no\/index.php\/eierskap-design\/\" \/>\n<meta property=\"og:site_name\" content=\"Coopreneur\" \/>\n<meta property=\"article:modified_time\" content=\"2024-11-09T17:13:48+00:00\" \/>\n<meta name=\"twitter:card\" content=\"summary_large_image\" \/>\n<meta name=\"twitter:label1\" content=\"Estimated reading time\" \/>\n\t<meta name=\"twitter:data1\" content=\"3 minutes\" \/>\n<script type=\"application\/ld+json\" class=\"yoast-schema-graph\">{\"@context\":\"https:\/\/schema.org\",\"@graph\":[{\"@type\":\"WebPage\",\"@id\":\"https:\/\/coopreneur.no\/index.php\/eierskap-design\/\",\"url\":\"https:\/\/coopreneur.no\/index.php\/eierskap-design\/\",\"name\":\"Eierskaps-Design - Coopreneur\",\"isPartOf\":{\"@id\":\"https:\/\/coopreneur.no\/#website\"},\"datePublished\":\"2023-01-06T07:42:24+00:00\",\"dateModified\":\"2024-11-09T17:13:48+00:00\",\"breadcrumb\":{\"@id\":\"https:\/\/coopreneur.no\/index.php\/eierskap-design\/#breadcrumb\"},\"inLanguage\":\"en-GB\",\"potentialAction\":[{\"@type\":\"ReadAction\",\"target\":[\"https:\/\/coopreneur.no\/index.php\/eierskap-design\/\"]}]},{\"@type\":\"BreadcrumbList\",\"@id\":\"https:\/\/coopreneur.no\/index.php\/eierskap-design\/#breadcrumb\",\"itemListElement\":[{\"@type\":\"ListItem\",\"position\":1,\"name\":\"Home\",\"item\":\"https:\/\/coopreneur.no\/\"},{\"@type\":\"ListItem\",\"position\":2,\"name\":\"Eierskaps-Design\"}]},{\"@type\":\"WebSite\",\"@id\":\"https:\/\/coopreneur.no\/#website\",\"url\":\"https:\/\/coopreneur.no\/\",\"name\":\"Coopreneur\",\"description\":\"Cooperative Social Entrepreneurship\",\"publisher\":{\"@id\":\"https:\/\/coopreneur.no\/#organization\"},\"potentialAction\":[{\"@type\":\"SearchAction\",\"target\":{\"@type\":\"EntryPoint\",\"urlTemplate\":\"https:\/\/coopreneur.no\/?s={search_term_string}\"},\"query-input\":{\"@type\":\"PropertyValueSpecification\",\"valueRequired\":true,\"valueName\":\"search_term_string\"}}],\"inLanguage\":\"en-GB\"},{\"@type\":\"Organization\",\"@id\":\"https:\/\/coopreneur.no\/#organization\",\"name\":\"Coopreneur\",\"url\":\"https:\/\/coopreneur.no\/\",\"logo\":{\"@type\":\"ImageObject\",\"inLanguage\":\"en-GB\",\"@id\":\"https:\/\/coopreneur.no\/#\/schema\/logo\/image\/\",\"url\":\"https:\/\/coopreneur.no\/wp-content\/uploads\/2023\/01\/cropped-ic_launcher2-playstore.png\",\"contentUrl\":\"https:\/\/coopreneur.no\/wp-content\/uploads\/2023\/01\/cropped-ic_launcher2-playstore.png\",\"width\":512,\"height\":512,\"caption\":\"Coopreneur\"},\"image\":{\"@id\":\"https:\/\/coopreneur.no\/#\/schema\/logo\/image\/\"}}]}<\/script>\n<!-- \/ Yoast SEO plugin. -->","yoast_head_json":{"title":"Eierskaps-Design - Coopreneur","robots":{"index":"index","follow":"follow","max-snippet":"max-snippet:-1","max-image-preview":"max-image-preview:large","max-video-preview":"max-video-preview:-1"},"canonical":"https:\/\/coopreneur.no\/index.php\/eierskap-design\/","og_locale":"en_GB","og_type":"article","og_title":"Eierskaps-Design - Coopreneur","og_description":"Behov for System-endring \u00abDe fleste av oss skj\u00f8nner ikke at eierskap har et design. Vi tenker p\u00e5 eierskap som et faktum: du eier noe eller ikke..Mens milj\u00f8bevegelsen har fokusert p\u00e5 fysiske teknologier, har den neglisjert det mer grunnleggende sp\u00f8rsm\u00e5let om eierskapsdesign som driver bedriftens beslutninger.. \u00a0Systemer produserer utfall..[som er] logiske resultater av hvordan de er [&hellip;]","og_url":"https:\/\/coopreneur.no\/index.php\/eierskap-design\/","og_site_name":"Coopreneur","article_modified_time":"2024-11-09T17:13:48+00:00","twitter_card":"summary_large_image","twitter_misc":{"Estimated reading time":"3 minutes"},"schema":{"@context":"https:\/\/schema.org","@graph":[{"@type":"WebPage","@id":"https:\/\/coopreneur.no\/index.php\/eierskap-design\/","url":"https:\/\/coopreneur.no\/index.php\/eierskap-design\/","name":"Eierskaps-Design - Coopreneur","isPartOf":{"@id":"https:\/\/coopreneur.no\/#website"},"datePublished":"2023-01-06T07:42:24+00:00","dateModified":"2024-11-09T17:13:48+00:00","breadcrumb":{"@id":"https:\/\/coopreneur.no\/index.php\/eierskap-design\/#breadcrumb"},"inLanguage":"en-GB","potentialAction":[{"@type":"ReadAction","target":["https:\/\/coopreneur.no\/index.php\/eierskap-design\/"]}]},{"@type":"BreadcrumbList","@id":"https:\/\/coopreneur.no\/index.php\/eierskap-design\/#breadcrumb","itemListElement":[{"@type":"ListItem","position":1,"name":"Home","item":"https:\/\/coopreneur.no\/"},{"@type":"ListItem","position":2,"name":"Eierskaps-Design"}]},{"@type":"WebSite","@id":"https:\/\/coopreneur.no\/#website","url":"https:\/\/coopreneur.no\/","name":"Coopreneur","description":"Cooperative Social Entrepreneurship","publisher":{"@id":"https:\/\/coopreneur.no\/#organization"},"potentialAction":[{"@type":"SearchAction","target":{"@type":"EntryPoint","urlTemplate":"https:\/\/coopreneur.no\/?s={search_term_string}"},"query-input":{"@type":"PropertyValueSpecification","valueRequired":true,"valueName":"search_term_string"}}],"inLanguage":"en-GB"},{"@type":"Organization","@id":"https:\/\/coopreneur.no\/#organization","name":"Coopreneur","url":"https:\/\/coopreneur.no\/","logo":{"@type":"ImageObject","inLanguage":"en-GB","@id":"https:\/\/coopreneur.no\/#\/schema\/logo\/image\/","url":"https:\/\/coopreneur.no\/wp-content\/uploads\/2023\/01\/cropped-ic_launcher2-playstore.png","contentUrl":"https:\/\/coopreneur.no\/wp-content\/uploads\/2023\/01\/cropped-ic_launcher2-playstore.png","width":512,"height":512,"caption":"Coopreneur"},"image":{"@id":"https:\/\/coopreneur.no\/#\/schema\/logo\/image\/"}}]}},"_links":{"self":[{"href":"https:\/\/coopreneur.no\/index.php\/wp-json\/wp\/v2\/pages\/87","targetHints":{"allow":["GET"]}}],"collection":[{"href":"https:\/\/coopreneur.no\/index.php\/wp-json\/wp\/v2\/pages"}],"about":[{"href":"https:\/\/coopreneur.no\/index.php\/wp-json\/wp\/v2\/types\/page"}],"author":[{"embeddable":true,"href":"https:\/\/coopreneur.no\/index.php\/wp-json\/wp\/v2\/users\/2"}],"replies":[{"embeddable":true,"href":"https:\/\/coopreneur.no\/index.php\/wp-json\/wp\/v2\/comments?post=87"}],"version-history":[{"count":1,"href":"https:\/\/coopreneur.no\/index.php\/wp-json\/wp\/v2\/pages\/87\/revisions"}],"predecessor-version":[{"id":2286,"href":"https:\/\/coopreneur.no\/index.php\/wp-json\/wp\/v2\/pages\/87\/revisions\/2286"}],"wp:attachment":[{"href":"https:\/\/coopreneur.no\/index.php\/wp-json\/wp\/v2\/media?parent=87"}],"curies":[{"name":"wp","href":"https:\/\/api.w.org\/{rel}","templated":true}]}}