{"id":548,"date":"2023-08-01T10:50:42","date_gmt":"2023-08-01T08:50:42","guid":{"rendered":"https:\/\/coopreneur.top\/?page_id=548"},"modified":"2025-08-25T11:29:56","modified_gmt":"2025-08-25T10:29:56","slug":"om","status":"publish","type":"page","link":"https:\/\/coopreneur.no\/index.php\/om\/","title":{"rendered":"Om Coopreneur"},"content":{"rendered":"<div>\u00a0<\/div>\r\n<div class=\"wp-block-columns are-vertically-aligned-top\"><span style=\"background-color: #ffffff;\"><span style=\"background-color: #ffffff;\">Coopreneur AS er et ideelt aksjeselskap; selskapet deler ikke ut utbytte til aksjeier (undertegnede er eneste aksjeeier). Eventuelt overskudd pl\u00f8yes tilbake til bedriften for videre fremming av det ideelle form\u00e5let. Nemlig \u00e5 vise hvordan Kooperativt Sosialt Entrepren\u00f8rskap kan l\u00f8se sosiale, \u00f8konomiske og milj\u00f8messige problemer p\u00e5 nye m\u00e5ter.\u00a0<\/span><\/span><\/div>\r\n<div class=\"wp-block-columns are-vertically-aligned-top\">Dette er s\u00e5 langt reflektert i tre initiativer:<\/div>\r\n<div class=\"wp-block-columns are-vertically-aligned-top\">\r\n<ol>\r\n<li style=\"list-style-type: none\">\r\n<ol>\r\n<li>Promotering av Kommunal Velstandsbygging for operasjonalisering av \u00d8konomisk Demokrati, (Re) Lokalisering av \u00d8konomien &amp; Reell Sirkul\u00e6r\u00f8konomi<\/li>\r\n<li>Skalerbart <a href=\"https:\/\/coopreneur.no\/index.php\/kursoversikt\/\"><strong>K<span style=\"text-decoration: underline;\">urs-opplegg<\/span><\/strong><\/a> for Kooperativt Sosialt Entrepren\u00f8rskap<\/li>\r\n<li><span style=\"text-decoration: underline;\"><a href=\"https:\/\/mentor2mentor.no\/\"><strong>CareBank app<\/strong><\/a><\/span><\/li>\r\n<\/ol>\r\n<\/li>\r\n<\/ol>\r\n<\/div>\r\n<!-- \/wp:post-content -->\r\n\r\n<!-- wp:paragraph -->\r\n<p><u>Om undertegnede<\/u>:\u00a0 Master utdanning (geografi, statsvitenskap og sosial\u00f8konomi). Arbeidet med utviklingssp\u00f8rsm\u00e5l i Afrika og Asia i et ti\u00e5r (1990-tallet). Var med \u00e5 starte og lede et Internettselskap [\u2018Internet Service Provider\u2019] i Colombo, Sri Lanka (1996-99). Jobbet med milj\u00f8informasjon i Norge p\u00e5 2000-tallet.<\/p>\r\n<p>&nbsp;<\/p>\r\n<p><u>Kort om Kooperativt Sosialt Entrepren\u00f8rskap som definert her<\/u><\/p>\r\n<p>Overnevnte<strong> <a href=\"https:\/\/coopreneur.no\/index.php\/kursoversikt\/\"><span style=\"text-decoration: underline;\">kursopplegg<\/span><\/a> <\/strong>har en grundig diskusjon av begrepet og identifiserer bl.a. fire typer sosialt entrepren\u00f8rskap. Her vil jeg gj\u00f8re et grovere, forenklet skille:<\/p>\r\n<p>Mens \u2018<strong><u>entrepren\u00f8rskap<\/u><\/strong>\u2019 vanligvis knyttes til rene kommersielle forretningsmodeller, vil \u2018<strong><u>sosialt entrepren\u00f8rskap<\/u><\/strong>\u2019 kunne ta mange former, ikke bare knyttet til forretningsforetak. I foretak vil den sosiale m\u00e5lsetningen typisk h\u00f8re til kjernen av forretningsmodellen. Mere vidtrekkende former inkluderer m\u00e5l og midler for systemendring hvor \u00f8konomisk, sosialt og milj\u00f8messig forvaltnings-ansvar kombineres og operasjonaliseres (se mer <a href=\"https:\/\/coopreneur.no\/index.php\/en-system-tilnaerming\/\">her<\/a>, seksjon G. \u2018<em>verkt\u00f8y for system-endring<\/em>\u2019).<\/p>\r\n<p>&#8216;<u style=\"font-weight: bold;\">Kooperativt sosialt entrepren\u00f8rskap<\/u>\u2019 som her forst\u00e5tt, er en form for \u2018<em>felles sosialt entrepren\u00f8rskap<\/em>\u2019, dvs. <u>det er mer enn \u00e9n entrepren\u00f8r involvert i et nytt initiativ eller foretak<\/u>, inspirert av <em>The Commons<\/em>, \u2018<a href=\"https:\/\/coopreneur.no\/index.php\/the-commons-en-introduksjon\/\"><strong><span style=\"text-decoration: underline;\">Fellesskapets allmenninge<\/span>r<\/strong><\/a>\u2019:<\/p>\r\n<p><em>Et sosialt system for langsiktig forvaltning av ressurser som sikrer felles verdier og identitet. Denne identiteten (\u2018community identity\u2019) kan v\u00e6re basert p\u00e5 geografi, som i et lokal-samfunn\/ region, men ogs\u00e5 innebefatte interesse-fellesskap som kan v\u00e6re alt fra lokalt til globalt (ofte knyttet sammen i digitale nettverk p\u00e5 ulike geografiske niv\u00e5).<\/em><\/p>\r\n<p><em>\u00a0<\/em><em>Opprinnelig stammer \u2018Commons\u2019-begrepet fra middelalderen: hvordan lokalsamfunn brukte og forvaltet land og ressurser som allmenninger,- for felles bruk og utnyttelse. I dag brukes begrepet ikke bare for fysiske allmenninger, men ogs\u00e5 for skapte, nye ressurser som kunnskap, computer-koder, varer, tjenester, etc.).<\/em><\/p>\r\n<p>Kooperativt sosialt entrepren\u00f8rskap bruker et <strong><u>kollektivt verkt\u00f8y-sett<\/u><\/strong> som inneb\u00e6rer <strong>en utvidelse av tradisjonelle kooperative prinsipper <\/strong>(se ogs\u00e5 seksjon F. p\u00e5 <a href=\"https:\/\/coopreneur.no\/index.php\/en-system-tilnaerming\/\"><span style=\"text-decoration: underline;\"><strong>denne websiden<\/strong><\/span><\/a> om hvordan dagens kooperativer m\u00e5 revitaliseres) Men det kooperative rasjonalet, illustrert nedenfor, best\u00e5r:<\/p>\r\n<p><img loading=\"lazy\" decoding=\"async\" class=\"alignnone  wp-image-127 aligncenter\" src=\"https:\/\/coopreneur.no\/wp-content\/uploads\/2023\/01\/Hvorfor-agere-kollektivt-300x212.jpg\" alt=\"\" width=\"365\" height=\"258\" \/><\/p>\r\n<p><em>N\u00e5r mange sl\u00e5r seg sammen, reduseres individuell risiko, forhandlings-posisjonen styrkes, og, -ikke minst- potensialet for positiv endring \u00f8ker. Her vil kollektiv nytte og egen-nytte sammenfalle!<\/em><\/p>\r\n<p style=\"text-align: right;\"><span style=\"font-size: 8pt;\">Image credit: <strong><span style=\"text-decoration: underline;\"><a href=\"https:\/\/www.seedsforchange.org.uk\/workersco-ops.pdf\">https:\/\/www.seedsforchange.org.uk\/workersco-ops.pdf<\/a>\u00a0<\/span> <\/strong>\u201cThis work is anti-copyright.\u00a0Feel free to copy, adapt, and distribute it as long as the final work remains anti-copyright\u201d.<\/span><\/p>\r\n<p>&nbsp;<\/p>\r\n<p>Fokuset p\u00e5 \u00f8konomisk demokrati, reell sirkul\u00e6r\u00f8konomi og (re-) lokalisering av \u00f8konomien, gj\u00f8r at sosialt entrepren\u00f8rskap her f\u00e5r en klarere verdimessig forankring og konkretisering. Som eksempel kan nevnes promoteringen av en <strong><a href=\"https:\/\/coopreneur.no\/index.php\/mot-en-reell-sirkulaerokonomi\/\">ny mal<\/a><\/strong> for sirkul\u00e6re forretnings-modeller som kan erstatte Osterwalder og Pigneurs \u2018Business Model Canvas\u2019, mer egnet for rene kommersielle forretnings-modeller innenfor den line\u00e6re \u00f8konomien.<\/p>\r\n<p>&nbsp;<\/p>\r\n<!-- \/wp:paragraph -->\r\n\r\n<!-- wp:paragraph -->\r\n<p>Helge Selrod<\/p>\r\n<!-- \/wp:paragraph -->\r\n\r\n<!-- wp:image {\"id\":375,\"width\":216,\"height\":46,\"sizeSlug\":\"full\",\"linkDestination\":\"none\"} -->\r\n<figure class=\"wp-block-image size-full is-resized\"><img loading=\"lazy\" decoding=\"async\" class=\"wp-image-375\" src=\"https:\/\/coopreneur.no\/wp-content\/uploads\/2023\/01\/epostAdr.png\" alt=\"\" width=\"216\" height=\"46\" \/><\/figure>\r\n<!-- \/wp:image -->\r\n<div id=\"52AD2192_191A_4A25_6BDF_CC50FCFD217A\">\u00a0<\/div>\r\n<div id=\"52AD2192_191A_4A25_6BDF_CC50FCFD217A\">\u00a0<\/div>\r\n<div id=\"52AD2192_191A_4A25_6BDF_CC50FCFD217A\">\u00a0<\/div>\r\n<div id=\"52AD2192_191A_4A25_6BDF_CC50FCFD217A\">\u00a0<\/div>","protected":false},"excerpt":{"rendered":"<p>\u00a0 Coopreneur AS er et ideelt aksjeselskap; selskapet deler ikke ut utbytte til aksjeier (undertegnede er eneste aksjeeier). Eventuelt overskudd pl\u00f8yes tilbake til bedriften for videre fremming av det ideelle form\u00e5let. Nemlig \u00e5 vise hvordan Kooperativt Sosialt Entrepren\u00f8rskap kan l\u00f8se sosiale, \u00f8konomiske og milj\u00f8messige problemer p\u00e5 nye m\u00e5ter.\u00a0 Dette er s\u00e5 langt reflektert i tre [&hellip;]<\/p>\n","protected":false},"author":1,"featured_media":0,"parent":0,"menu_order":0,"comment_status":"closed","ping_status":"closed","template":"","meta":{"footnotes":""},"class_list":["post-548","page","type-page","status-publish","hentry"],"yoast_head":"<!-- This site is optimized with the Yoast SEO plugin v24.7 - https:\/\/yoast.com\/wordpress\/plugins\/seo\/ -->\n<title>Om Coopreneur - Coopreneur<\/title>\n<meta name=\"robots\" content=\"index, follow, max-snippet:-1, max-image-preview:large, max-video-preview:-1\" \/>\n<link rel=\"canonical\" href=\"https:\/\/coopreneur.no\/index.php\/om\/\" \/>\n<meta property=\"og:locale\" content=\"en_GB\" \/>\n<meta property=\"og:type\" content=\"article\" \/>\n<meta property=\"og:title\" content=\"Om Coopreneur - Coopreneur\" \/>\n<meta property=\"og:description\" content=\"\u00a0 Coopreneur AS er et ideelt aksjeselskap; selskapet deler ikke ut utbytte til aksjeier (undertegnede er eneste aksjeeier). Eventuelt overskudd pl\u00f8yes tilbake til bedriften for videre fremming av det ideelle form\u00e5let. Nemlig \u00e5 vise hvordan Kooperativt Sosialt Entrepren\u00f8rskap kan l\u00f8se sosiale, \u00f8konomiske og milj\u00f8messige problemer p\u00e5 nye m\u00e5ter.\u00a0 Dette er s\u00e5 langt reflektert i tre [&hellip;]\" \/>\n<meta property=\"og:url\" content=\"https:\/\/coopreneur.no\/index.php\/om\/\" \/>\n<meta property=\"og:site_name\" content=\"Coopreneur\" \/>\n<meta property=\"article:modified_time\" content=\"2025-08-25T10:29:56+00:00\" \/>\n<meta name=\"twitter:card\" content=\"summary_large_image\" \/>\n<meta name=\"twitter:label1\" content=\"Estimated reading time\" \/>\n\t<meta name=\"twitter:data1\" content=\"3 minutes\" \/>\n<script type=\"application\/ld+json\" class=\"yoast-schema-graph\">{\"@context\":\"https:\/\/schema.org\",\"@graph\":[{\"@type\":\"WebPage\",\"@id\":\"https:\/\/coopreneur.no\/index.php\/om\/\",\"url\":\"https:\/\/coopreneur.no\/index.php\/om\/\",\"name\":\"Om Coopreneur - Coopreneur\",\"isPartOf\":{\"@id\":\"https:\/\/coopreneur.no\/#website\"},\"primaryImageOfPage\":{\"@id\":\"https:\/\/coopreneur.no\/index.php\/om\/#primaryimage\"},\"image\":{\"@id\":\"https:\/\/coopreneur.no\/index.php\/om\/#primaryimage\"},\"thumbnailUrl\":\"https:\/\/coopreneur.no\/wp-content\/uploads\/2023\/01\/Hvorfor-agere-kollektivt-300x212.jpg\",\"datePublished\":\"2023-08-01T08:50:42+00:00\",\"dateModified\":\"2025-08-25T10:29:56+00:00\",\"breadcrumb\":{\"@id\":\"https:\/\/coopreneur.no\/index.php\/om\/#breadcrumb\"},\"inLanguage\":\"en-GB\",\"potentialAction\":[{\"@type\":\"ReadAction\",\"target\":[\"https:\/\/coopreneur.no\/index.php\/om\/\"]}]},{\"@type\":\"ImageObject\",\"inLanguage\":\"en-GB\",\"@id\":\"https:\/\/coopreneur.no\/index.php\/om\/#primaryimage\",\"url\":\"\",\"contentUrl\":\"\"},{\"@type\":\"BreadcrumbList\",\"@id\":\"https:\/\/coopreneur.no\/index.php\/om\/#breadcrumb\",\"itemListElement\":[{\"@type\":\"ListItem\",\"position\":1,\"name\":\"Home\",\"item\":\"https:\/\/coopreneur.no\/\"},{\"@type\":\"ListItem\",\"position\":2,\"name\":\"Om Coopreneur\"}]},{\"@type\":\"WebSite\",\"@id\":\"https:\/\/coopreneur.no\/#website\",\"url\":\"https:\/\/coopreneur.no\/\",\"name\":\"Coopreneur\",\"description\":\"Cooperative Social Entrepreneurship\",\"publisher\":{\"@id\":\"https:\/\/coopreneur.no\/#organization\"},\"potentialAction\":[{\"@type\":\"SearchAction\",\"target\":{\"@type\":\"EntryPoint\",\"urlTemplate\":\"https:\/\/coopreneur.no\/?s={search_term_string}\"},\"query-input\":{\"@type\":\"PropertyValueSpecification\",\"valueRequired\":true,\"valueName\":\"search_term_string\"}}],\"inLanguage\":\"en-GB\"},{\"@type\":\"Organization\",\"@id\":\"https:\/\/coopreneur.no\/#organization\",\"name\":\"Coopreneur\",\"url\":\"https:\/\/coopreneur.no\/\",\"logo\":{\"@type\":\"ImageObject\",\"inLanguage\":\"en-GB\",\"@id\":\"https:\/\/coopreneur.no\/#\/schema\/logo\/image\/\",\"url\":\"https:\/\/coopreneur.no\/wp-content\/uploads\/2023\/01\/cropped-ic_launcher2-playstore.png\",\"contentUrl\":\"https:\/\/coopreneur.no\/wp-content\/uploads\/2023\/01\/cropped-ic_launcher2-playstore.png\",\"width\":512,\"height\":512,\"caption\":\"Coopreneur\"},\"image\":{\"@id\":\"https:\/\/coopreneur.no\/#\/schema\/logo\/image\/\"}}]}<\/script>\n<!-- \/ Yoast SEO plugin. -->","yoast_head_json":{"title":"Om Coopreneur - Coopreneur","robots":{"index":"index","follow":"follow","max-snippet":"max-snippet:-1","max-image-preview":"max-image-preview:large","max-video-preview":"max-video-preview:-1"},"canonical":"https:\/\/coopreneur.no\/index.php\/om\/","og_locale":"en_GB","og_type":"article","og_title":"Om Coopreneur - Coopreneur","og_description":"\u00a0 Coopreneur AS er et ideelt aksjeselskap; selskapet deler ikke ut utbytte til aksjeier (undertegnede er eneste aksjeeier). Eventuelt overskudd pl\u00f8yes tilbake til bedriften for videre fremming av det ideelle form\u00e5let. Nemlig \u00e5 vise hvordan Kooperativt Sosialt Entrepren\u00f8rskap kan l\u00f8se sosiale, \u00f8konomiske og milj\u00f8messige problemer p\u00e5 nye m\u00e5ter.\u00a0 Dette er s\u00e5 langt reflektert i tre [&hellip;]","og_url":"https:\/\/coopreneur.no\/index.php\/om\/","og_site_name":"Coopreneur","article_modified_time":"2025-08-25T10:29:56+00:00","twitter_card":"summary_large_image","twitter_misc":{"Estimated reading time":"3 minutes"},"schema":{"@context":"https:\/\/schema.org","@graph":[{"@type":"WebPage","@id":"https:\/\/coopreneur.no\/index.php\/om\/","url":"https:\/\/coopreneur.no\/index.php\/om\/","name":"Om Coopreneur - Coopreneur","isPartOf":{"@id":"https:\/\/coopreneur.no\/#website"},"primaryImageOfPage":{"@id":"https:\/\/coopreneur.no\/index.php\/om\/#primaryimage"},"image":{"@id":"https:\/\/coopreneur.no\/index.php\/om\/#primaryimage"},"thumbnailUrl":"https:\/\/coopreneur.no\/wp-content\/uploads\/2023\/01\/Hvorfor-agere-kollektivt-300x212.jpg","datePublished":"2023-08-01T08:50:42+00:00","dateModified":"2025-08-25T10:29:56+00:00","breadcrumb":{"@id":"https:\/\/coopreneur.no\/index.php\/om\/#breadcrumb"},"inLanguage":"en-GB","potentialAction":[{"@type":"ReadAction","target":["https:\/\/coopreneur.no\/index.php\/om\/"]}]},{"@type":"ImageObject","inLanguage":"en-GB","@id":"https:\/\/coopreneur.no\/index.php\/om\/#primaryimage","url":"","contentUrl":""},{"@type":"BreadcrumbList","@id":"https:\/\/coopreneur.no\/index.php\/om\/#breadcrumb","itemListElement":[{"@type":"ListItem","position":1,"name":"Home","item":"https:\/\/coopreneur.no\/"},{"@type":"ListItem","position":2,"name":"Om Coopreneur"}]},{"@type":"WebSite","@id":"https:\/\/coopreneur.no\/#website","url":"https:\/\/coopreneur.no\/","name":"Coopreneur","description":"Cooperative Social Entrepreneurship","publisher":{"@id":"https:\/\/coopreneur.no\/#organization"},"potentialAction":[{"@type":"SearchAction","target":{"@type":"EntryPoint","urlTemplate":"https:\/\/coopreneur.no\/?s={search_term_string}"},"query-input":{"@type":"PropertyValueSpecification","valueRequired":true,"valueName":"search_term_string"}}],"inLanguage":"en-GB"},{"@type":"Organization","@id":"https:\/\/coopreneur.no\/#organization","name":"Coopreneur","url":"https:\/\/coopreneur.no\/","logo":{"@type":"ImageObject","inLanguage":"en-GB","@id":"https:\/\/coopreneur.no\/#\/schema\/logo\/image\/","url":"https:\/\/coopreneur.no\/wp-content\/uploads\/2023\/01\/cropped-ic_launcher2-playstore.png","contentUrl":"https:\/\/coopreneur.no\/wp-content\/uploads\/2023\/01\/cropped-ic_launcher2-playstore.png","width":512,"height":512,"caption":"Coopreneur"},"image":{"@id":"https:\/\/coopreneur.no\/#\/schema\/logo\/image\/"}}]}},"_links":{"self":[{"href":"https:\/\/coopreneur.no\/index.php\/wp-json\/wp\/v2\/pages\/548","targetHints":{"allow":["GET"]}}],"collection":[{"href":"https:\/\/coopreneur.no\/index.php\/wp-json\/wp\/v2\/pages"}],"about":[{"href":"https:\/\/coopreneur.no\/index.php\/wp-json\/wp\/v2\/types\/page"}],"author":[{"embeddable":true,"href":"https:\/\/coopreneur.no\/index.php\/wp-json\/wp\/v2\/users\/1"}],"replies":[{"embeddable":true,"href":"https:\/\/coopreneur.no\/index.php\/wp-json\/wp\/v2\/comments?post=548"}],"version-history":[{"count":3,"href":"https:\/\/coopreneur.no\/index.php\/wp-json\/wp\/v2\/pages\/548\/revisions"}],"predecessor-version":[{"id":2343,"href":"https:\/\/coopreneur.no\/index.php\/wp-json\/wp\/v2\/pages\/548\/revisions\/2343"}],"wp:attachment":[{"href":"https:\/\/coopreneur.no\/index.php\/wp-json\/wp\/v2\/media?parent=548"}],"curies":[{"name":"wp","href":"https:\/\/api.w.org\/{rel}","templated":true}]}}