{"id":191,"date":"2023-01-07T16:57:24","date_gmt":"2023-01-07T16:57:24","guid":{"rendered":"https:\/\/coopreneur.top\/?page_id=191"},"modified":"2023-01-07T16:57:24","modified_gmt":"2023-01-07T16:57:24","slug":"kursoversikt","status":"publish","type":"page","link":"https:\/\/coopreneur.no\/index.php\/kursoversikt\/","title":{"rendered":"Kursoversikt"},"content":{"rendered":"<h3 style=\"text-align: center;\">Klikk p\u00e5 linjene nedenfor for \u00e5 f\u00e5 se kursoversikt 1 og 2<\/h3>\n<p style=\"text-align: center;\"><a href=\"https:\/\/coopreneur.no\/wp-content\/uploads\/2023\/01\/Kurs_1.html\" target=\"_blank\" rel=\"noopener\">Kurs_1<\/a><\/p>\n<p style=\"text-align: center;\"><a href=\"https:\/\/coopreneur.no\/wp-content\/uploads\/2023\/01\/Kurs_2.html\" target=\"_blank\" rel=\"noopener\">Kurs_2<\/a><\/p>\n<div id=\"52AD2192_191A_4A25_6BDF_CC50FCFD217A\"><\/div>\n<div id=\"52AD2192_191A_4A25_6BDF_CC50FCFD217A\"><\/div>\n","protected":false},"excerpt":{"rendered":"<p>Klikk p\u00e5 linjene nedenfor for \u00e5 f\u00e5 se kursoversikt 1 og 2 Kurs_1 Kurs_2<\/p>\n","protected":false},"author":1,"featured_media":0,"parent":0,"menu_order":0,"comment_status":"closed","ping_status":"closed","template":"","meta":{"footnotes":""},"class_list":["post-191","page","type-page","status-publish","hentry"],"yoast_head":"<!-- This site is optimized with the Yoast SEO plugin v24.7 - https:\/\/yoast.com\/wordpress\/plugins\/seo\/ -->\n<title>Kursoversikt - Coopreneur<\/title>\n<meta name=\"robots\" content=\"index, follow, max-snippet:-1, max-image-preview:large, max-video-preview:-1\" \/>\n<link rel=\"canonical\" href=\"https:\/\/coopreneur.no\/index.php\/kursoversikt\/\" \/>\n<meta property=\"og:locale\" content=\"en_GB\" \/>\n<meta property=\"og:type\" content=\"article\" \/>\n<meta property=\"og:title\" content=\"Kursoversikt - Coopreneur\" \/>\n<meta property=\"og:description\" content=\"Klikk p\u00e5 linjene nedenfor for \u00e5 f\u00e5 se kursoversikt 1 og 2 Kurs_1 Kurs_2\" \/>\n<meta property=\"og:url\" content=\"https:\/\/coopreneur.no\/index.php\/kursoversikt\/\" \/>\n<meta property=\"og:site_name\" content=\"Coopreneur\" \/>\n<meta name=\"twitter:card\" content=\"summary_large_image\" \/>\n<script type=\"application\/ld+json\" class=\"yoast-schema-graph\">{\"@context\":\"https:\/\/schema.org\",\"@graph\":[{\"@type\":\"WebPage\",\"@id\":\"https:\/\/coopreneur.no\/index.php\/kursoversikt\/\",\"url\":\"https:\/\/coopreneur.no\/index.php\/kursoversikt\/\",\"name\":\"Kursoversikt - Coopreneur\",\"isPartOf\":{\"@id\":\"https:\/\/coopreneur.no\/#website\"},\"datePublished\":\"2023-01-07T16:57:24+00:00\",\"breadcrumb\":{\"@id\":\"https:\/\/coopreneur.no\/index.php\/kursoversikt\/#breadcrumb\"},\"inLanguage\":\"en-GB\",\"potentialAction\":[{\"@type\":\"ReadAction\",\"target\":[\"https:\/\/coopreneur.no\/index.php\/kursoversikt\/\"]}]},{\"@type\":\"BreadcrumbList\",\"@id\":\"https:\/\/coopreneur.no\/index.php\/kursoversikt\/#breadcrumb\",\"itemListElement\":[{\"@type\":\"ListItem\",\"position\":1,\"name\":\"Home\",\"item\":\"https:\/\/coopreneur.no\/\"},{\"@type\":\"ListItem\",\"position\":2,\"name\":\"Kursoversikt\"}]},{\"@type\":\"WebSite\",\"@id\":\"https:\/\/coopreneur.no\/#website\",\"url\":\"https:\/\/coopreneur.no\/\",\"name\":\"Coopreneur\",\"description\":\"Cooperative Social Entrepreneurship\",\"publisher\":{\"@id\":\"https:\/\/coopreneur.no\/#organization\"},\"potentialAction\":[{\"@type\":\"SearchAction\",\"target\":{\"@type\":\"EntryPoint\",\"urlTemplate\":\"https:\/\/coopreneur.no\/?s={search_term_string}\"},\"query-input\":{\"@type\":\"PropertyValueSpecification\",\"valueRequired\":true,\"valueName\":\"search_term_string\"}}],\"inLanguage\":\"en-GB\"},{\"@type\":\"Organization\",\"@id\":\"https:\/\/coopreneur.no\/#organization\",\"name\":\"Coopreneur\",\"url\":\"https:\/\/coopreneur.no\/\",\"logo\":{\"@type\":\"ImageObject\",\"inLanguage\":\"en-GB\",\"@id\":\"https:\/\/coopreneur.no\/#\/schema\/logo\/image\/\",\"url\":\"https:\/\/coopreneur.no\/wp-content\/uploads\/2023\/01\/cropped-ic_launcher2-playstore.png\",\"contentUrl\":\"https:\/\/coopreneur.no\/wp-content\/uploads\/2023\/01\/cropped-ic_launcher2-playstore.png\",\"width\":512,\"height\":512,\"caption\":\"Coopreneur\"},\"image\":{\"@id\":\"https:\/\/coopreneur.no\/#\/schema\/logo\/image\/\"}}]}<\/script>\n<!-- \/ Yoast SEO plugin. -->","yoast_head_json":{"title":"Kursoversikt - Coopreneur","robots":{"index":"index","follow":"follow","max-snippet":"max-snippet:-1","max-image-preview":"max-image-preview:large","max-video-preview":"max-video-preview:-1"},"canonical":"https:\/\/coopreneur.no\/index.php\/kursoversikt\/","og_locale":"en_GB","og_type":"article","og_title":"Kursoversikt - Coopreneur","og_description":"Klikk p\u00e5 linjene nedenfor for \u00e5 f\u00e5 se kursoversikt 1 og 2 Kurs_1 Kurs_2","og_url":"https:\/\/coopreneur.no\/index.php\/kursoversikt\/","og_site_name":"Coopreneur","twitter_card":"summary_large_image","schema":{"@context":"https:\/\/schema.org","@graph":[{"@type":"WebPage","@id":"https:\/\/coopreneur.no\/index.php\/kursoversikt\/","url":"https:\/\/coopreneur.no\/index.php\/kursoversikt\/","name":"Kursoversikt - Coopreneur","isPartOf":{"@id":"https:\/\/coopreneur.no\/#website"},"datePublished":"2023-01-07T16:57:24+00:00","breadcrumb":{"@id":"https:\/\/coopreneur.no\/index.php\/kursoversikt\/#breadcrumb"},"inLanguage":"en-GB","potentialAction":[{"@type":"ReadAction","target":["https:\/\/coopreneur.no\/index.php\/kursoversikt\/"]}]},{"@type":"BreadcrumbList","@id":"https:\/\/coopreneur.no\/index.php\/kursoversikt\/#breadcrumb","itemListElement":[{"@type":"ListItem","position":1,"name":"Home","item":"https:\/\/coopreneur.no\/"},{"@type":"ListItem","position":2,"name":"Kursoversikt"}]},{"@type":"WebSite","@id":"https:\/\/coopreneur.no\/#website","url":"https:\/\/coopreneur.no\/","name":"Coopreneur","description":"Cooperative Social Entrepreneurship","publisher":{"@id":"https:\/\/coopreneur.no\/#organization"},"potentialAction":[{"@type":"SearchAction","target":{"@type":"EntryPoint","urlTemplate":"https:\/\/coopreneur.no\/?s={search_term_string}"},"query-input":{"@type":"PropertyValueSpecification","valueRequired":true,"valueName":"search_term_string"}}],"inLanguage":"en-GB"},{"@type":"Organization","@id":"https:\/\/coopreneur.no\/#organization","name":"Coopreneur","url":"https:\/\/coopreneur.no\/","logo":{"@type":"ImageObject","inLanguage":"en-GB","@id":"https:\/\/coopreneur.no\/#\/schema\/logo\/image\/","url":"https:\/\/coopreneur.no\/wp-content\/uploads\/2023\/01\/cropped-ic_launcher2-playstore.png","contentUrl":"https:\/\/coopreneur.no\/wp-content\/uploads\/2023\/01\/cropped-ic_launcher2-playstore.png","width":512,"height":512,"caption":"Coopreneur"},"image":{"@id":"https:\/\/coopreneur.no\/#\/schema\/logo\/image\/"}}]}},"_links":{"self":[{"href":"https:\/\/coopreneur.no\/index.php\/wp-json\/wp\/v2\/pages\/191","targetHints":{"allow":["GET"]}}],"collection":[{"href":"https:\/\/coopreneur.no\/index.php\/wp-json\/wp\/v2\/pages"}],"about":[{"href":"https:\/\/coopreneur.no\/index.php\/wp-json\/wp\/v2\/types\/page"}],"author":[{"embeddable":true,"href":"https:\/\/coopreneur.no\/index.php\/wp-json\/wp\/v2\/users\/1"}],"replies":[{"embeddable":true,"href":"https:\/\/coopreneur.no\/index.php\/wp-json\/wp\/v2\/comments?post=191"}],"version-history":[{"count":0,"href":"https:\/\/coopreneur.no\/index.php\/wp-json\/wp\/v2\/pages\/191\/revisions"}],"wp:attachment":[{"href":"https:\/\/coopreneur.no\/index.php\/wp-json\/wp\/v2\/media?parent=191"}],"curies":[{"name":"wp","href":"https:\/\/api.w.org\/{rel}","templated":true}]}}