{"id":1284,"date":"2024-05-22T10:05:33","date_gmt":"2024-05-22T08:05:33","guid":{"rendered":"https:\/\/coopreneur.top\/?page_id=1283"},"modified":"2024-05-22T10:05:33","modified_gmt":"2024-05-22T08:05:33","slug":"refabrikasjon","status":"publish","type":"page","link":"https:\/\/coopreneur.no\/index.php\/refabrikasjon\/","title":{"rendered":"Refabrikasjon"},"content":{"rendered":"<h2>Viktigheten for Sirkul\u00e6r\u00f8konomien illustreres av Energi\/Arbeids-forholdet ved henholdsvis r\u00e5vare-utvinning, ferdigvare-produksjon &amp; refabrikasjon<\/h2>\n<p>&nbsp;<\/p>\n<ul>\n<li><strong><em>I industrien brukes <\/em><\/strong><strong><em>\u00be <\/em><\/strong><strong><em>av energien til \u00e5 fremstille innsatsvarer som sement og st\u00e5l, men kun <\/em><\/strong><strong><em>\u00bc <\/em><\/strong><strong><em>brukes til \u00e5 produsere ferdige produkter som bygninger eller biler<\/em><\/strong><strong><em>\u00a0<\/em><\/strong><\/li>\n<\/ul>\n<ul>\n<li><strong><em>For bruk avarbeidskraft er forholdet motsatt: tre fjerdedeler brukes til \u00e5 produsere ferdige produkter <\/em><\/strong><em>(Stahel\/Reday1976:<\/em> <em>The<\/em> <em>Potential for Substituting Manpower for Energy).<\/em><\/li>\n<\/ul>\n<p><u>Dette er viktig ettersom energi og milj\u00f8kostnadene ved utvinning av nye ressurser ofte er store:\u00a0<\/u><\/p>\n<p style=\"padding-left: 40px;\"><em>\u00abMaterialer kommer med en allsidig \u2018ryggsekk\u2019 pakket med minedrifts-avfall og milj\u00f8forringelse. Disse ryggsekkene er forskjellige for hvert materiale og er tyngst for sjeldne metaller som gull (en ryggsekk p\u00e5 500 000) og lettest for plast (en ryggsekk p\u00e5 0,1). Produsert kapital i form av infrastruktur, bygninger, varer og komponenter har [alle] individuelle akkumulerte \u2018ryggsekker\u2019 ..\u00bb\u00a0<\/em><em>\u00a0<\/em><\/p>\n<p style=\"text-align: right;\"><span style=\"font-size: 8pt;\"><em>\u00a0 \u00a0 \u00a0 \u00a0 \u00a0 \u00a0 \u00a0 \u00a0 \u00a0 \u00a0 \u00a0 \u00a0 \u00a0 \u00a0 (Walter R. Stahel 2019: Circular Economy-A users guide. Norsk oversettelse ved Sintef<\/em> (2019:39) <a href=\"https:\/\/www.sintefbok.no\/book\/index\/1227\/sirkulaer_oekonomi\"><em>Sirkul\u00e6r\u00f8konomi &#8211; en h\u00e5ndbok<\/em><\/a><em>)<\/em><\/span><\/p>\n<p>I tillegg kommer press p\u00e5 vannressurser, landomr\u00e5der, bio-diversitet, konflikter og arbeidsforhold.<strong>\u00a0<\/strong><\/p>\n<p><strong>Fase 1 i produksjon av nye varer<\/strong><strong>: R\u00e5materialer konverteres til innsatsvarer<\/strong> (hver enhet representerer 25% av det totale behovet):<\/p>\n<p><img loading=\"lazy\" decoding=\"async\" class=\"alignnone wp-image-1336 aligncenter\" src=\"https:\/\/coopreneur.no\/wp-content\/uploads\/2024\/05\/Energi1-300x54.png\" alt=\"\" width=\"383\" height=\"69\" \/><\/p>\n<p><strong>Fase 2 i produksjon av nye varer: Bruk av innsatsvarer <\/strong>(st\u00e5l, sement, plast, med mere):<\/p>\n<p style=\"text-align: center;\"><img loading=\"lazy\" decoding=\"async\" class=\"alignnone wp-image-1337\" src=\"https:\/\/coopreneur.no\/wp-content\/uploads\/2024\/05\/Energi2-300x56.png\" alt=\"\" width=\"385\" height=\"72\" \/><\/p>\n<p><strong>Energi\/Arbeidsforholdet ved Refabrikasjon:<\/strong><\/p>\n<p><img loading=\"lazy\" decoding=\"async\" class=\"alignnone wp-image-1338 aligncenter\" src=\"https:\/\/coopreneur.no\/wp-content\/uploads\/2024\/05\/Energi3-300x81.png\" alt=\"\" width=\"352\" height=\"95\" \/><\/p>\n<h6 style=\"text-align: center;\">Basert p\u00e5 Jonathan T. Scott (2011) [ed. Walter R. Stahel] : <a href=\"http:\/\/www.businessperformance.org\/sites\/default\/files\/New_Standards_May_update.pdf\">New Standards for Long-Term Business Survival<\/a><\/h6>\n<p>&nbsp;<\/p>\n<p>Ved REFABRIKERING kreves mye mindre r\u00e5materialer og energi. Dette fordi innsatsvarer bare trengs for \u00e5 supplere det som er tapt i refabrikasjons-prosessen. Og,- refabrikasjon av masse-produserte varer koster i gjennomsnitt 40% mindre enn tilsvarende nye varer av samme kvalitet. <em>(Walter R. Stahel 2019:34: Circular Economy-A users guide)<\/em><strong>\u00a0<\/strong><\/p>\n<p><strong>Dette bidrar til rasjonalet for den Industraliserte Sirkul\u00e6r-\u00f8konomien:<\/strong><\/p>\n<p style=\"padding-left: 40px;\"><em>Ved \u00e5 forlenge levetiden til produkter gjennom gjenbruk, reparasjon, refabrikasjon, teknologiske oppgraderinger og nye bruksm\u00e5ter anvender den arbeidskraft i stedet for energi og lokale verksteder i stedet for sentraliserte fabrikker. P\u00e5 den m\u00e5ten legges det til rette for lokal jobbskaping og reindustrialisering av regioner. <\/em><\/p>\n<p style=\"text-align: right;\"><span style=\"font-size: 8pt;\"><em>(.Sintef<\/em> (2019:22) <a href=\"https:\/\/www.sintefbok.no\/book\/index\/1227\/sirkulaer_oekonomi\"><em>Sirkul\u00e6r\u00f8konomi &#8211; en h\u00e5ndbok<\/em><\/a><em>, Norsk oversettelse \u00a0av Walter R. Stahel 2019: Circular Economy-A users guide)<\/em><strong><em>\u00a0<\/em><\/strong><\/span><\/p>\n<p>Noen vil invende at arbeidskraft er noe vi mangler, men dette kan raskt endre seg, gitt <a href=\"https:\/\/www.theguardian.com\/technology\/2023\/feb\/18\/from-retail-to-transport-how-ai-is-changing-every-corner-of-the-economy\"><span style=\"font-size: 14pt;\"><strong>innvirkningen av kunstig intelligens p\u00e5 arbeidsmarkedet i flere sektorer<\/strong><\/span>.<\/a><\/p>\n<div id=\"52AD2192_191A_4A25_6BDF_CC50FCFD217A\"><\/div>\n<div id=\"52AD2192_191A_4A25_6BDF_CC50FCFD217A\"><\/div>\n<div id=\"52AD2192_191A_4A25_6BDF_CC50FCFD217A\"><\/div>\n<div id=\"52AD2192_191A_4A25_6BDF_CC50FCFD217A\"><\/div>\n<div id=\"52AD2192_191A_4A25_6BDF_CC50FCFD217A\"><\/div>\n","protected":false},"excerpt":{"rendered":"<p>Viktigheten for Sirkul\u00e6r\u00f8konomien illustreres av Energi\/Arbeids-forholdet ved henholdsvis r\u00e5vare-utvinning, ferdigvare-produksjon &amp; refabrikasjon &nbsp; I industrien brukes \u00be av energien til \u00e5 fremstille innsatsvarer som sement og st\u00e5l, men kun \u00bc brukes til \u00e5 produsere ferdige produkter som bygninger eller biler\u00a0 For bruk avarbeidskraft er forholdet motsatt: tre fjerdedeler brukes til \u00e5 produsere ferdige produkter (Stahel\/Reday1976: [&hellip;]<\/p>\n","protected":false},"author":1,"featured_media":0,"parent":0,"menu_order":0,"comment_status":"closed","ping_status":"closed","template":"","meta":{"footnotes":""},"class_list":["post-1284","page","type-page","status-publish","hentry"],"yoast_head":"<!-- This site is optimized with the Yoast SEO plugin v24.7 - https:\/\/yoast.com\/wordpress\/plugins\/seo\/ -->\n<title>Refabrikasjon - Coopreneur<\/title>\n<meta name=\"robots\" content=\"index, follow, max-snippet:-1, max-image-preview:large, max-video-preview:-1\" \/>\n<link rel=\"canonical\" href=\"https:\/\/coopreneur.no\/index.php\/refabrikasjon\/\" \/>\n<meta property=\"og:locale\" content=\"en_GB\" \/>\n<meta property=\"og:type\" content=\"article\" \/>\n<meta property=\"og:title\" content=\"Refabrikasjon - Coopreneur\" \/>\n<meta property=\"og:description\" content=\"Viktigheten for Sirkul\u00e6r\u00f8konomien illustreres av Energi\/Arbeids-forholdet ved henholdsvis r\u00e5vare-utvinning, ferdigvare-produksjon &amp; refabrikasjon &nbsp; I industrien brukes \u00be av energien til \u00e5 fremstille innsatsvarer som sement og st\u00e5l, men kun \u00bc brukes til \u00e5 produsere ferdige produkter som bygninger eller biler\u00a0 For bruk avarbeidskraft er forholdet motsatt: tre fjerdedeler brukes til \u00e5 produsere ferdige produkter (Stahel\/Reday1976: [&hellip;]\" \/>\n<meta property=\"og:url\" content=\"https:\/\/coopreneur.no\/index.php\/refabrikasjon\/\" \/>\n<meta property=\"og:site_name\" content=\"Coopreneur\" \/>\n<meta property=\"og:image\" content=\"https:\/\/coopreneur.no\/wp-content\/uploads\/2024\/05\/Energi1-300x54.png\" \/>\n<meta name=\"twitter:card\" content=\"summary_large_image\" \/>\n<meta name=\"twitter:label1\" content=\"Estimated reading time\" \/>\n\t<meta name=\"twitter:data1\" content=\"2 minutes\" \/>\n<script type=\"application\/ld+json\" class=\"yoast-schema-graph\">{\"@context\":\"https:\/\/schema.org\",\"@graph\":[{\"@type\":\"WebPage\",\"@id\":\"https:\/\/coopreneur.no\/index.php\/refabrikasjon\/\",\"url\":\"https:\/\/coopreneur.no\/index.php\/refabrikasjon\/\",\"name\":\"Refabrikasjon - Coopreneur\",\"isPartOf\":{\"@id\":\"https:\/\/coopreneur.no\/#website\"},\"primaryImageOfPage\":{\"@id\":\"https:\/\/coopreneur.no\/index.php\/refabrikasjon\/#primaryimage\"},\"image\":{\"@id\":\"https:\/\/coopreneur.no\/index.php\/refabrikasjon\/#primaryimage\"},\"thumbnailUrl\":\"https:\/\/coopreneur.no\/wp-content\/uploads\/2024\/05\/Energi1-300x54.png\",\"datePublished\":\"2024-05-22T08:05:33+00:00\",\"breadcrumb\":{\"@id\":\"https:\/\/coopreneur.no\/index.php\/refabrikasjon\/#breadcrumb\"},\"inLanguage\":\"en-GB\",\"potentialAction\":[{\"@type\":\"ReadAction\",\"target\":[\"https:\/\/coopreneur.no\/index.php\/refabrikasjon\/\"]}]},{\"@type\":\"ImageObject\",\"inLanguage\":\"en-GB\",\"@id\":\"https:\/\/coopreneur.no\/index.php\/refabrikasjon\/#primaryimage\",\"url\":\"\",\"contentUrl\":\"\"},{\"@type\":\"BreadcrumbList\",\"@id\":\"https:\/\/coopreneur.no\/index.php\/refabrikasjon\/#breadcrumb\",\"itemListElement\":[{\"@type\":\"ListItem\",\"position\":1,\"name\":\"Home\",\"item\":\"https:\/\/coopreneur.no\/\"},{\"@type\":\"ListItem\",\"position\":2,\"name\":\"Refabrikasjon\"}]},{\"@type\":\"WebSite\",\"@id\":\"https:\/\/coopreneur.no\/#website\",\"url\":\"https:\/\/coopreneur.no\/\",\"name\":\"Coopreneur\",\"description\":\"Cooperative Social Entrepreneurship\",\"publisher\":{\"@id\":\"https:\/\/coopreneur.no\/#organization\"},\"potentialAction\":[{\"@type\":\"SearchAction\",\"target\":{\"@type\":\"EntryPoint\",\"urlTemplate\":\"https:\/\/coopreneur.no\/?s={search_term_string}\"},\"query-input\":{\"@type\":\"PropertyValueSpecification\",\"valueRequired\":true,\"valueName\":\"search_term_string\"}}],\"inLanguage\":\"en-GB\"},{\"@type\":\"Organization\",\"@id\":\"https:\/\/coopreneur.no\/#organization\",\"name\":\"Coopreneur\",\"url\":\"https:\/\/coopreneur.no\/\",\"logo\":{\"@type\":\"ImageObject\",\"inLanguage\":\"en-GB\",\"@id\":\"https:\/\/coopreneur.no\/#\/schema\/logo\/image\/\",\"url\":\"https:\/\/coopreneur.no\/wp-content\/uploads\/2023\/01\/cropped-ic_launcher2-playstore.png\",\"contentUrl\":\"https:\/\/coopreneur.no\/wp-content\/uploads\/2023\/01\/cropped-ic_launcher2-playstore.png\",\"width\":512,\"height\":512,\"caption\":\"Coopreneur\"},\"image\":{\"@id\":\"https:\/\/coopreneur.no\/#\/schema\/logo\/image\/\"}}]}<\/script>\n<!-- \/ Yoast SEO plugin. -->","yoast_head_json":{"title":"Refabrikasjon - Coopreneur","robots":{"index":"index","follow":"follow","max-snippet":"max-snippet:-1","max-image-preview":"max-image-preview:large","max-video-preview":"max-video-preview:-1"},"canonical":"https:\/\/coopreneur.no\/index.php\/refabrikasjon\/","og_locale":"en_GB","og_type":"article","og_title":"Refabrikasjon - Coopreneur","og_description":"Viktigheten for Sirkul\u00e6r\u00f8konomien illustreres av Energi\/Arbeids-forholdet ved henholdsvis r\u00e5vare-utvinning, ferdigvare-produksjon &amp; refabrikasjon &nbsp; I industrien brukes \u00be av energien til \u00e5 fremstille innsatsvarer som sement og st\u00e5l, men kun \u00bc brukes til \u00e5 produsere ferdige produkter som bygninger eller biler\u00a0 For bruk avarbeidskraft er forholdet motsatt: tre fjerdedeler brukes til \u00e5 produsere ferdige produkter (Stahel\/Reday1976: [&hellip;]","og_url":"https:\/\/coopreneur.no\/index.php\/refabrikasjon\/","og_site_name":"Coopreneur","og_image":[{"url":"https:\/\/coopreneur.no\/wp-content\/uploads\/2024\/05\/Energi1-300x54.png","type":"","width":"","height":""}],"twitter_card":"summary_large_image","twitter_misc":{"Estimated reading time":"2 minutes"},"schema":{"@context":"https:\/\/schema.org","@graph":[{"@type":"WebPage","@id":"https:\/\/coopreneur.no\/index.php\/refabrikasjon\/","url":"https:\/\/coopreneur.no\/index.php\/refabrikasjon\/","name":"Refabrikasjon - Coopreneur","isPartOf":{"@id":"https:\/\/coopreneur.no\/#website"},"primaryImageOfPage":{"@id":"https:\/\/coopreneur.no\/index.php\/refabrikasjon\/#primaryimage"},"image":{"@id":"https:\/\/coopreneur.no\/index.php\/refabrikasjon\/#primaryimage"},"thumbnailUrl":"https:\/\/coopreneur.no\/wp-content\/uploads\/2024\/05\/Energi1-300x54.png","datePublished":"2024-05-22T08:05:33+00:00","breadcrumb":{"@id":"https:\/\/coopreneur.no\/index.php\/refabrikasjon\/#breadcrumb"},"inLanguage":"en-GB","potentialAction":[{"@type":"ReadAction","target":["https:\/\/coopreneur.no\/index.php\/refabrikasjon\/"]}]},{"@type":"ImageObject","inLanguage":"en-GB","@id":"https:\/\/coopreneur.no\/index.php\/refabrikasjon\/#primaryimage","url":"","contentUrl":""},{"@type":"BreadcrumbList","@id":"https:\/\/coopreneur.no\/index.php\/refabrikasjon\/#breadcrumb","itemListElement":[{"@type":"ListItem","position":1,"name":"Home","item":"https:\/\/coopreneur.no\/"},{"@type":"ListItem","position":2,"name":"Refabrikasjon"}]},{"@type":"WebSite","@id":"https:\/\/coopreneur.no\/#website","url":"https:\/\/coopreneur.no\/","name":"Coopreneur","description":"Cooperative Social Entrepreneurship","publisher":{"@id":"https:\/\/coopreneur.no\/#organization"},"potentialAction":[{"@type":"SearchAction","target":{"@type":"EntryPoint","urlTemplate":"https:\/\/coopreneur.no\/?s={search_term_string}"},"query-input":{"@type":"PropertyValueSpecification","valueRequired":true,"valueName":"search_term_string"}}],"inLanguage":"en-GB"},{"@type":"Organization","@id":"https:\/\/coopreneur.no\/#organization","name":"Coopreneur","url":"https:\/\/coopreneur.no\/","logo":{"@type":"ImageObject","inLanguage":"en-GB","@id":"https:\/\/coopreneur.no\/#\/schema\/logo\/image\/","url":"https:\/\/coopreneur.no\/wp-content\/uploads\/2023\/01\/cropped-ic_launcher2-playstore.png","contentUrl":"https:\/\/coopreneur.no\/wp-content\/uploads\/2023\/01\/cropped-ic_launcher2-playstore.png","width":512,"height":512,"caption":"Coopreneur"},"image":{"@id":"https:\/\/coopreneur.no\/#\/schema\/logo\/image\/"}}]}},"_links":{"self":[{"href":"https:\/\/coopreneur.no\/index.php\/wp-json\/wp\/v2\/pages\/1284","targetHints":{"allow":["GET"]}}],"collection":[{"href":"https:\/\/coopreneur.no\/index.php\/wp-json\/wp\/v2\/pages"}],"about":[{"href":"https:\/\/coopreneur.no\/index.php\/wp-json\/wp\/v2\/types\/page"}],"author":[{"embeddable":true,"href":"https:\/\/coopreneur.no\/index.php\/wp-json\/wp\/v2\/users\/1"}],"replies":[{"embeddable":true,"href":"https:\/\/coopreneur.no\/index.php\/wp-json\/wp\/v2\/comments?post=1284"}],"version-history":[{"count":0,"href":"https:\/\/coopreneur.no\/index.php\/wp-json\/wp\/v2\/pages\/1284\/revisions"}],"wp:attachment":[{"href":"https:\/\/coopreneur.no\/index.php\/wp-json\/wp\/v2\/media?parent=1284"}],"curies":[{"name":"wp","href":"https:\/\/api.w.org\/{rel}","templated":true}]}}