{"id":107,"date":"2023-01-06T10:22:11","date_gmt":"2023-01-06T09:22:11","guid":{"rendered":"https:\/\/coopreneur.top\/?page_id=107"},"modified":"2023-01-06T10:22:11","modified_gmt":"2023-01-06T09:22:11","slug":"okonomisk-demokrati-2","status":"publish","type":"page","link":"https:\/\/coopreneur.no\/index.php\/okonomisk-demokrati-2\/","title":{"rendered":"\u00d8konomisk demokrati"},"content":{"rendered":"<h2>Hvorfor trenger vi \u00f8konomisk demokrati? <a href=\"#_ftn1\" name=\"_ftnref1\">[1]<\/a><\/h2>\n<p style=\"padding-left: 40px;\"><em>&#8220;Samfunnet har for lenge siden demokratisert det politiske styresettet, <\/em><em>men vi har aldri demokratisert \u00f8konomien.&#8221;<\/em><\/p>\n<p style=\"text-align: right;\"><span style=\"font-size: 8pt;\">Marjorie Kelly and Ted Howard (2019: xiii): <em>The Making of a Democratic Economy. Building Prosperity for the Many, Not Just the Few.<\/em>[egen oversettelse]<\/span><\/p>\n<p style=\"padding-left: 40px;\"><em>&#8220;Hva er demokratiproblemet? Problemet er at dette systemet ikke er demokratisk. Det gir makt (\u2018ultimate power\u2019) til folk som aldri har blitt valgt, fordi rikdom konsentreres via gigantiske banker og selskaper, og denne konsentrerte rikdommen korrumperer s\u00e5 det politiske systemet.&#8221;<\/em><\/p>\n<p style=\"text-align: right;\"><span style=\"font-size: 8pt;\">lowimpact.org [England ] (2020) <a href=\"https:\/\/www.lowimpact.org\/lowimpact-topic\/the-democracy-problem\/\"><strong><span style=\"color: #3366ff;\">The democracy problem; Introduction<\/span><\/strong><\/a>\u00a0 \/ <strong><span style=\"color: #3366ff;\"><a style=\"color: #3366ff;\" href=\"https:\/\/www.lowimpact.org\/wp-%20%20%20%20%20%20%20%20%20%20%20%20%20%20%20%20%20%20%20%20%20content\/uploads\/factsheetdemocracyproblem.pdf\">https:\/\/www.lowimpact.org\/wp-content\/uploads\/factsheetdemocracyproblem.pdf \u00a0<\/a><\/span><\/strong>[egen oversettelse]<\/span><\/p>\n<p>[Gitt dagens problemer med ulikhet, klimaendringer og milj\u00f8\u00f8deleggelse, peker dette mot systemfeil]:<\/p>\n<p style=\"padding-left: 40px;\"><em>\u00abGlobal fattigdom skaper stor bitterhet og fremmedgj\u00f8ring overfor lokale myndigheter og v\u00e5re demokratier..Hvis ikke de liberale demokratiene kommer resten av verden bedre i m\u00f8te for \u00e5 finne l\u00f8sninger p\u00e5 globale utfordringer, st\u00e5r v\u00e5rt demokratiprosjekt i fare.\u00bb<\/em><\/p>\n<p style=\"text-align: right;\"><span style=\"font-size: 8pt;\">\u00a0Kjell Hodneb\u00f8 (Aftenposten 12. januar 2023): Ja, vi m\u00e5 hegne om demokratiet. Men demokratiene st\u00e5r ogs\u00e5 overfor noen store problemer.<\/span><\/p>\n<p><strong>Merk<\/strong>: Dette notatet refererer i hovedsak til et amerikansk perspektiv (fra Marjorie Kelly og Ted Howard i tenketanken <a href=\"https:\/\/democracycollaborative.org\/\">Democracy Collaborative<\/a> og spesiellt deres bok sitert ovenfor). Men det er relevant ogs\u00e5 for Norge:<\/p>\n<ul>\n<li>vi er integrert i den globale \u00f8konomien<\/li>\n<li>mange store amerikanske selskaper dominerer v\u00e5r hverdag som konsumenter<\/li>\n<li>vi er p\u00e5virket av det enkelte kaller \u2018amerikaniseringen\u2019 av den norske \u00f8konomien.<\/li>\n<\/ul>\n<p>S\u00e5 selv om begreper som \u2018fiduciary duty\u2019 (styremedlemmers lojalitetsplikt overfor aksje-eiere) ikke er rettslig belagt <a href=\"#_ftn1\" name=\"_ftnref1\">[2]<\/a> p\u00e5 den m\u00e5ten det er i England og USA, er det ingen grunn til \u00e5 tro at de drivkreftene dette representerer ikke ogs\u00e5 finnes i norske, b\u00f8rsnoterte selskap. Legg s\u00e5 til den direkte koblingen n\u00e5r vi handler med eller kj\u00f8per tjenester fra engelske eller amerikanske selskaper.<\/p>\n<p><u>Forklaring\/oversettelse av noen sentrale termer<\/u>:<\/p>\n<p><strong>Extractive economy<\/strong>: Dette er her oversatt med \u2018<strong>uttrekks-\u00f8konomi<\/strong>\u2019. Det skal forst\u00e5s som en motsetning til\u00a0 \u2018<strong>regenerativ \u00f8konomi<\/strong>\u2019 (\u2018extractive vs regenerative economy\u2019):<\/p>\n<p style=\"padding-left: 40px;\"><strong><em>\u00ab<u>Uttrekks-\u00f8konomier<\/u><\/em><\/strong><em> har en tendens til \u00e5 behandle de fleste lokale, regionale og til og med nasjonale \u00a0\u00f8konomier som steder hvor rikdom \u2013 ressurser, penger, arbeidskraft osv. \u2013 kan utvinnes.\u00a0<\/em><\/p>\n<p style=\"padding-left: 40px;\"><em>\u00a0<\/em><strong><em><u>Regenerative \u00f8konomie<\/u>r<\/em><\/strong><em> pumper penger, informasjon, energi og ressurser tilbake til \u00e5 utvikle interne kapasiteter og kapital, spesielt den menneskelige typen, for \u00e5 opprettholde dens vitalitet og l\u00e6ring p\u00e5 lang sikt.\u00bb<\/em><\/p>\n<p style=\"text-align: right;\"><span style=\"font-size: 8pt;\">Sally Goerner (May 2015):<strong><span style=\"color: #3366ff;\"> <a style=\"color: #3366ff;\" href=\"https:\/\/capitalinstitute.org\/wp-content\/uploads\/2015\/05\/000-Regenerative-Devel-Final-Goerner-Sept-1-2015.pdf\"><em>Regenerative Development: The Art and Science of Creating Durably Vibrant Human Networks<\/em><\/a><\/span><\/strong> \u00a0Published by Capital Institute. [egen oversettelse]<\/span><\/p>\n<p style=\"padding-left: 40px;\"><em>\u00abFordelene [av globaliseringen] sies \u00e5 sildre nedover, mens rent faktisk trekker systemet ut rikdom fra lokalsamfunn og setter den inn i verdenen av spekulativ handel.<\/em><\/p>\n<p style=\"padding-left: 40px;\"><em>\u00a0..<\/em><em>V\u00e5rt [system] er en \u00f8konomi til, av og for de 1%.. I dagens eierskapsdesign er selskaper kortsiktige, krever uendelig vekst, m\u00e5ler suksess med profitt og aksjekurs, eksternaliserer kostnader til milj\u00f8et og er altfor ofte amoralske i beslutningstaking\u00bb.<\/em><\/p>\n<p style=\"text-align: right;\"><span style=\"font-size: 8pt;\">(Marjorie Kelly and Ted Howard (2019: 5,22-24, egen oversettelse, uthevelse og tekst i klammer lagt til, tekst-rekkef\u00f8lge endret).<\/span><\/p>\n<p>&nbsp;<\/p>\n<p><strong><u>Elefanten i rommet er styremedlemmers lojalitets-plikt overfor aksjeiere: <\/u><\/strong><\/p>\n<p style=\"padding-left: 40px;\"><em>\u00a0&#8220;<\/em><em>Vi har ikke fullt ut konfrontert det faktum at selskaper mener de har en plikt [\u2018fiduciary duty\u2019] til systematisk \u00e5 undertrykke arbeid og arbeidsinntekt \u2013 og svekke milj\u00f8regulering \u2013 for \u00e5 \u00f8ke profitten for velst\u00e5ende aksjon\u00e6rer.&#8221;<\/em><\/p>\n<p style=\"text-align: right;\"><span style=\"font-size: 8pt;\">(ibid:6, uthevelse og tekst i klammer lagt til)<\/span><\/p>\n<p>Derfor er det behov for <strong>systemendring, <\/strong>som krever at <strong><u>demokratiet m\u00e5 flytte inn p\u00e5 innsiden av \u00f8konomien<\/u>: <\/strong><\/p>\n<p style=\"padding-left: 40px;\">&#8220;[Det er ikke nok \u00e5 sette] <em>slike verdier som b\u00e6rekraft eller rettferdighet p\u00e5 utsiden av systemet gjennom regulering og sosiale sikkerhetsnett. Disse verdiene m\u00e5 v\u00e6re i DNA-et.<\/em> &#8220;<\/p>\n<p style=\"text-align: right;\"><span style=\"font-size: 8pt;\">(ibid:8, egen oversettelse, uthevelse og tekst i klammer lagt til)<\/span><\/p>\n<p>Derfor b\u00f8r \u2018<u>verdiforslaget&#8221; til en demokratisk \u00f8konomi\u2019<\/u> samsvare med hva Kelly og Howard kaller \u2018<strong>demokratisk \u00f8konomi-design<\/strong>\u2019 (derav ogs\u00e5 det ideelle verdiforslaget i entrepren\u00f8rers og bedrifters forretningsmodell (jfr. \u2018<u>the value proposition\u2019 brukt i \u2018Business Model Canvases\u2019<\/u>):<\/p>\n<ul>\n<li><em><em>\u00abEn demokratisk \u00f8konomi <u>designer sosiale arkitekturer rundt det vi setter pris p\u00e5,<\/u> med fellesskap og b\u00e6rekraft som alfa og omega og v\u00e5r gjensidige avhengighet og relasjoner i sentrum.<\/em><\/em><em>\u00a0<\/em><\/li>\n<li><em>I motsetning til [business-] monokulturen med uttrekks-design, er demokratisk design avhengig av et mangfold av offentlige, private, samarbeidende og ansatt-eide design, strukturert i ulike skalaer og i ulike sektorer for \u00e5 skape de resultatene vi s\u00f8ker. <\/em>(ibid:3,83,)<\/li>\n<li><em>\u00a0<\/em><em>\u00c5 tjene fellesskapet (\u2018the common good\u2019) er kjernen i det nye systemet. Dette utspiller seg gjennom syv prinsipper for en demokratisk \u00f8konomi.\u00bb<\/em> (ibid:9, egen oversettelse, uthevelse og kulepunkter lagt til)<\/li>\n<\/ul>\n<p>For \u00e5 forst\u00e5 disse prinsippene om \u2018<strong>en \u00f8konomi for de 99%\u2019<\/strong>, forklarer vi i det f\u00f8lgende f\u00f8rst dette:<\/p>\n<ol>\n<li>Fordels-ulikheten mellom Kapital og Arbeid (\u2018the Capital bias\u2019) i dagens uttrekks-\u00f8konomi<\/li>\n<li>Styremedlemmers lojalitetsplikt overfor aksjeiere (\u2018Fiduciary duty\u2019)<\/li>\n<li>Finansialiseringen av \u00f8konomien og dets demokratiske underskudd<\/li>\n<li>Behovet for systemendring: Eierskaps-design<\/li>\n<\/ol>\n<p style=\"text-align: left;\">Dette f\u00f8lges opp i \u2018<em>Prinsipper\u2019. <\/em>Her gjengis f\u00f8rst 7 prinsipper hvor den demokratiske \u00f8konomien skiller seg fra \u2018uttrekks-\u00f8konomien\u2019. Et siste \u00e5ttende prinsipp handler om systemendring-\u2018det ultimate m\u00e5let\u2019. Relaterte systemfeil er diskutert i kursopplegget for Kooperativt Sosialt Entrepren\u00f8rskap, oppsummert i seksjonen som vist under (\u2018<em>The What &amp; Why of System Failures<\/em>\u2019)<\/p>\n<p>&nbsp;<\/p>\n<table class=\" aligncenter\" width=\"718\">\n<tbody>\n<tr>\n<td width=\"170\">&nbsp;<\/p>\n<p>Climate Change<\/td>\n<td colspan=\"4\" width=\"548\">&nbsp;<\/p>\n<p>Dysfunctional Climate Strategies &amp; Measurements System. How the Illogical System for Global Trade exaggerate Climate Change<\/p>\n<p>&nbsp;<\/td>\n<\/tr>\n<tr>\n<td width=\"170\">&nbsp;<\/p>\n<p>Loss of Nature &amp; Livelihood<\/p>\n<p>&nbsp;<\/td>\n<td colspan=\"4\" width=\"548\">&nbsp;<\/p>\n<p>Nature &amp; Biodiversity Loss, Mass Wildlife Extinction, Pollution &amp; Enclosure<\/p>\n<p>&nbsp;<\/td>\n<\/tr>\n<tr>\n<td width=\"170\">&nbsp;<\/p>\n<p>Inequality<\/td>\n<td colspan=\"4\" width=\"548\">&nbsp;<\/p>\n<p>Piketty: Returns to capital remain consistently higher than to labor<\/p>\n<p>&nbsp;<\/td>\n<\/tr>\n<tr>\n<td width=\"170\">&nbsp;<\/p>\n<p>Money System Failures<\/td>\n<td width=\"192\">1970-2010: 145 banking crises. How the money system creates its own crises<\/td>\n<td colspan=\"2\" width=\"186\">Systematic redistribution of wealth through Interest &amp; Compound Interest<\/td>\n<td width=\"170\">The system\u2019s built-in tendency to disregard the future &amp; sustainability<\/td>\n<\/tr>\n<tr>\n<td width=\"170\">&nbsp;<\/p>\n<p>Corporate Power &amp; Abuse<\/p>\n<p>&nbsp;<\/td>\n<td colspan=\"4\" width=\"548\">&nbsp;<\/p>\n<p>Magnified by Corporate Personhood, Deregulation and Privatisation<\/td>\n<\/tr>\n<tr>\n<td width=\"170\">&nbsp;<\/p>\n<p>Democracy Eroded<\/td>\n<td colspan=\"2\" width=\"274\">&nbsp;<\/p>\n<p>Wealth concentrated via banks &amp; corporations corrupts the political system<\/td>\n<td colspan=\"2\" width=\"274\">&nbsp;<\/p>\n<p>&#8216;Free&#8217;-Trade Agreements; When corporations can sue governments<\/p>\n<p style=\"text-align: center;\">\n<\/td>\n<\/tr>\n<\/tbody>\n<\/table>\n<p>&nbsp;<\/p>\n<p><strong>Noter:<\/strong><\/p>\n<p><a href=\"#_ftnref1\" name=\"_ftn1\"><\/a><a href=\"#_ftnref1\" name=\"_ftn1\">[1]<\/a> Hvis ikke annerledes indikert, tatt fra Marjorie Kelly and Ted Howard (2019:): <em>The Making of a Democratic Economy. Building Prosperity for the Many, Not Just the Few.<\/em> <em>[egen oversettelse, uthevelse <\/em><em>og tekst i klammer lagt til<\/em><em>]<\/em><\/p>\n<div id=\"52AD2192_191A_4A25_6BDF_CC50FCFD217A\">\n<p><a href=\"#_ftnref1\" name=\"_ftn1\">[2]<\/a> Se f.eks. Martin Kloster Aasen (2017): <strong><span style=\"color: #3366ff;\"><a style=\"color: #3366ff;\" href=\"https:\/\/www.uio.no\/studier\/emner\/jus\/jus\/JUS5801\/v17\/undervisningsmateriale\/martinklosteraasen_1_forelesning-i-selskapsrett-valgfag_-styremedlemmers-lojalitetsplikt.pdf\">Styremedlemmers plikt til \u00e5 la forretningsmuligheter tilflyte selskapet.<\/a><\/span><\/strong> Se ogs\u00e5:\u00a0<a href=\"https:\/\/www.uio.no\/studier\/emner\/jus\/jus\/JUS5801\/v17\/undervisningsmateriale\/martinklosteraasen_1_forelesning-i-selskapsrett-valgfag_-styremedlemmers-lojalitetsplikt.pdf\"><strong><span style=\"color: #3366ff;\">Styremedlemmers lojalitetsplikt<\/span><\/strong>.<\/a><\/p>\n<\/div>\n<div id=\"52AD2192_191A_4A25_6BDF_CC50FCFD217A\"><\/div>\n<div id=\"52AD2192_191A_4A25_6BDF_CC50FCFD217A\"><\/div>\n","protected":false},"excerpt":{"rendered":"<p>Hvorfor trenger vi \u00f8konomisk demokrati? [1] &#8220;Samfunnet har for lenge siden demokratisert det politiske styresettet, men vi har aldri demokratisert \u00f8konomien.&#8221; Marjorie Kelly and Ted Howard (2019: xiii): The Making of a Democratic Economy. Building Prosperity for the Many, Not Just the Few.[egen oversettelse] &#8220;Hva er demokratiproblemet? Problemet er at dette systemet ikke er demokratisk. [&hellip;]<\/p>\n","protected":false},"author":2,"featured_media":0,"parent":0,"menu_order":0,"comment_status":"closed","ping_status":"closed","template":"","meta":{"footnotes":""},"class_list":["post-107","page","type-page","status-publish","hentry"],"yoast_head":"<!-- This site is optimized with the Yoast SEO plugin v24.7 - https:\/\/yoast.com\/wordpress\/plugins\/seo\/ -->\n<title>\u00d8konomisk demokrati - Coopreneur<\/title>\n<meta name=\"robots\" content=\"index, follow, max-snippet:-1, max-image-preview:large, max-video-preview:-1\" \/>\n<link rel=\"canonical\" href=\"https:\/\/coopreneur.no\/index.php\/okonomisk-demokrati-2\/\" \/>\n<meta property=\"og:locale\" content=\"en_GB\" \/>\n<meta property=\"og:type\" content=\"article\" \/>\n<meta property=\"og:title\" content=\"\u00d8konomisk demokrati - Coopreneur\" \/>\n<meta property=\"og:description\" content=\"Hvorfor trenger vi \u00f8konomisk demokrati? [1] &#8220;Samfunnet har for lenge siden demokratisert det politiske styresettet, men vi har aldri demokratisert \u00f8konomien.&#8221; Marjorie Kelly and Ted Howard (2019: xiii): The Making of a Democratic Economy. Building Prosperity for the Many, Not Just the Few.[egen oversettelse] &#8220;Hva er demokratiproblemet? Problemet er at dette systemet ikke er demokratisk. [&hellip;]\" \/>\n<meta property=\"og:url\" content=\"https:\/\/coopreneur.no\/index.php\/okonomisk-demokrati-2\/\" \/>\n<meta property=\"og:site_name\" content=\"Coopreneur\" \/>\n<meta name=\"twitter:card\" content=\"summary_large_image\" \/>\n<meta name=\"twitter:label1\" content=\"Estimated reading time\" \/>\n\t<meta name=\"twitter:data1\" content=\"5 minutes\" \/>\n<script type=\"application\/ld+json\" class=\"yoast-schema-graph\">{\"@context\":\"https:\/\/schema.org\",\"@graph\":[{\"@type\":\"WebPage\",\"@id\":\"https:\/\/coopreneur.no\/index.php\/okonomisk-demokrati-2\/\",\"url\":\"https:\/\/coopreneur.no\/index.php\/okonomisk-demokrati-2\/\",\"name\":\"\u00d8konomisk demokrati - Coopreneur\",\"isPartOf\":{\"@id\":\"https:\/\/coopreneur.no\/#website\"},\"datePublished\":\"2023-01-06T09:22:11+00:00\",\"breadcrumb\":{\"@id\":\"https:\/\/coopreneur.no\/index.php\/okonomisk-demokrati-2\/#breadcrumb\"},\"inLanguage\":\"en-GB\",\"potentialAction\":[{\"@type\":\"ReadAction\",\"target\":[\"https:\/\/coopreneur.no\/index.php\/okonomisk-demokrati-2\/\"]}]},{\"@type\":\"BreadcrumbList\",\"@id\":\"https:\/\/coopreneur.no\/index.php\/okonomisk-demokrati-2\/#breadcrumb\",\"itemListElement\":[{\"@type\":\"ListItem\",\"position\":1,\"name\":\"Home\",\"item\":\"https:\/\/coopreneur.no\/\"},{\"@type\":\"ListItem\",\"position\":2,\"name\":\"\u00d8konomisk demokrati\"}]},{\"@type\":\"WebSite\",\"@id\":\"https:\/\/coopreneur.no\/#website\",\"url\":\"https:\/\/coopreneur.no\/\",\"name\":\"Coopreneur\",\"description\":\"Cooperative Social Entrepreneurship\",\"publisher\":{\"@id\":\"https:\/\/coopreneur.no\/#organization\"},\"potentialAction\":[{\"@type\":\"SearchAction\",\"target\":{\"@type\":\"EntryPoint\",\"urlTemplate\":\"https:\/\/coopreneur.no\/?s={search_term_string}\"},\"query-input\":{\"@type\":\"PropertyValueSpecification\",\"valueRequired\":true,\"valueName\":\"search_term_string\"}}],\"inLanguage\":\"en-GB\"},{\"@type\":\"Organization\",\"@id\":\"https:\/\/coopreneur.no\/#organization\",\"name\":\"Coopreneur\",\"url\":\"https:\/\/coopreneur.no\/\",\"logo\":{\"@type\":\"ImageObject\",\"inLanguage\":\"en-GB\",\"@id\":\"https:\/\/coopreneur.no\/#\/schema\/logo\/image\/\",\"url\":\"https:\/\/coopreneur.no\/wp-content\/uploads\/2023\/01\/cropped-ic_launcher2-playstore.png\",\"contentUrl\":\"https:\/\/coopreneur.no\/wp-content\/uploads\/2023\/01\/cropped-ic_launcher2-playstore.png\",\"width\":512,\"height\":512,\"caption\":\"Coopreneur\"},\"image\":{\"@id\":\"https:\/\/coopreneur.no\/#\/schema\/logo\/image\/\"}}]}<\/script>\n<!-- \/ Yoast SEO plugin. -->","yoast_head_json":{"title":"\u00d8konomisk demokrati - Coopreneur","robots":{"index":"index","follow":"follow","max-snippet":"max-snippet:-1","max-image-preview":"max-image-preview:large","max-video-preview":"max-video-preview:-1"},"canonical":"https:\/\/coopreneur.no\/index.php\/okonomisk-demokrati-2\/","og_locale":"en_GB","og_type":"article","og_title":"\u00d8konomisk demokrati - Coopreneur","og_description":"Hvorfor trenger vi \u00f8konomisk demokrati? [1] &#8220;Samfunnet har for lenge siden demokratisert det politiske styresettet, men vi har aldri demokratisert \u00f8konomien.&#8221; Marjorie Kelly and Ted Howard (2019: xiii): The Making of a Democratic Economy. Building Prosperity for the Many, Not Just the Few.[egen oversettelse] &#8220;Hva er demokratiproblemet? Problemet er at dette systemet ikke er demokratisk. [&hellip;]","og_url":"https:\/\/coopreneur.no\/index.php\/okonomisk-demokrati-2\/","og_site_name":"Coopreneur","twitter_card":"summary_large_image","twitter_misc":{"Estimated reading time":"5 minutes"},"schema":{"@context":"https:\/\/schema.org","@graph":[{"@type":"WebPage","@id":"https:\/\/coopreneur.no\/index.php\/okonomisk-demokrati-2\/","url":"https:\/\/coopreneur.no\/index.php\/okonomisk-demokrati-2\/","name":"\u00d8konomisk demokrati - Coopreneur","isPartOf":{"@id":"https:\/\/coopreneur.no\/#website"},"datePublished":"2023-01-06T09:22:11+00:00","breadcrumb":{"@id":"https:\/\/coopreneur.no\/index.php\/okonomisk-demokrati-2\/#breadcrumb"},"inLanguage":"en-GB","potentialAction":[{"@type":"ReadAction","target":["https:\/\/coopreneur.no\/index.php\/okonomisk-demokrati-2\/"]}]},{"@type":"BreadcrumbList","@id":"https:\/\/coopreneur.no\/index.php\/okonomisk-demokrati-2\/#breadcrumb","itemListElement":[{"@type":"ListItem","position":1,"name":"Home","item":"https:\/\/coopreneur.no\/"},{"@type":"ListItem","position":2,"name":"\u00d8konomisk demokrati"}]},{"@type":"WebSite","@id":"https:\/\/coopreneur.no\/#website","url":"https:\/\/coopreneur.no\/","name":"Coopreneur","description":"Cooperative Social Entrepreneurship","publisher":{"@id":"https:\/\/coopreneur.no\/#organization"},"potentialAction":[{"@type":"SearchAction","target":{"@type":"EntryPoint","urlTemplate":"https:\/\/coopreneur.no\/?s={search_term_string}"},"query-input":{"@type":"PropertyValueSpecification","valueRequired":true,"valueName":"search_term_string"}}],"inLanguage":"en-GB"},{"@type":"Organization","@id":"https:\/\/coopreneur.no\/#organization","name":"Coopreneur","url":"https:\/\/coopreneur.no\/","logo":{"@type":"ImageObject","inLanguage":"en-GB","@id":"https:\/\/coopreneur.no\/#\/schema\/logo\/image\/","url":"https:\/\/coopreneur.no\/wp-content\/uploads\/2023\/01\/cropped-ic_launcher2-playstore.png","contentUrl":"https:\/\/coopreneur.no\/wp-content\/uploads\/2023\/01\/cropped-ic_launcher2-playstore.png","width":512,"height":512,"caption":"Coopreneur"},"image":{"@id":"https:\/\/coopreneur.no\/#\/schema\/logo\/image\/"}}]}},"_links":{"self":[{"href":"https:\/\/coopreneur.no\/index.php\/wp-json\/wp\/v2\/pages\/107","targetHints":{"allow":["GET"]}}],"collection":[{"href":"https:\/\/coopreneur.no\/index.php\/wp-json\/wp\/v2\/pages"}],"about":[{"href":"https:\/\/coopreneur.no\/index.php\/wp-json\/wp\/v2\/types\/page"}],"author":[{"embeddable":true,"href":"https:\/\/coopreneur.no\/index.php\/wp-json\/wp\/v2\/users\/2"}],"replies":[{"embeddable":true,"href":"https:\/\/coopreneur.no\/index.php\/wp-json\/wp\/v2\/comments?post=107"}],"version-history":[{"count":0,"href":"https:\/\/coopreneur.no\/index.php\/wp-json\/wp\/v2\/pages\/107\/revisions"}],"wp:attachment":[{"href":"https:\/\/coopreneur.no\/index.php\/wp-json\/wp\/v2\/media?parent=107"}],"curies":[{"name":"wp","href":"https:\/\/api.w.org\/{rel}","templated":true}]}}