{"id":103,"date":"2023-01-06T10:03:41","date_gmt":"2023-01-06T09:03:41","guid":{"rendered":"https:\/\/coopreneur.top\/?page_id=103"},"modified":"2023-01-06T10:03:41","modified_gmt":"2023-01-06T09:03:41","slug":"favoriseringen-av-kapital","status":"publish","type":"page","link":"https:\/\/coopreneur.no\/index.php\/favoriseringen-av-kapital\/","title":{"rendered":"Favoriseringen av Kapital"},"content":{"rendered":"<h2>Fordelsulikhet; \u2018Capital bias\u2019<\/h2>\n<p>Denne fordels-ulikheten mellom Kapital og Arbeid er forklart av Kelly og Howard (2019) som f\u00f8lger:<\/p>\n<p style=\"padding-left: 40px;\"><strong>\u00ab<\/strong><em>V\u00e5r \u00f8konomi er [\u00f8konomien] \u2018Til de 1%, Av de 1%, For de 1%\u2019 som \u00f8konomen Joseph Stiglitz sa det. I kjernen har den det vi, medforfatterne, kaller kapitalskjevhet, en favorisering mot finans og formueholdere som er usynlig vevd gjennom hele systemet.<\/em><\/p>\n<p style=\"padding-left: 40px;\"><em>Vi kan kalle det en uttrekks-\u00f8konomi, for den er designet for \u00e5 gj\u00f8re det mulig for en finanselite \u00e5 hente ut maksimal gevinst for seg selv, overalt p\u00e5 kloden, uten hensyn til skader p\u00e5f\u00f8rt arbeidere, lokalsamfunn og milj\u00f8.<\/em><\/p>\n<p style=\"padding-left: 40px;\"><em>\u00a0<\/em><em>I uttrekks-\u00f8konomien skal inntekt til kapital maksimeres mens inntekt til arbeid skal minimeres.<\/em><\/p>\n<ul>\n<li style=\"list-style-type: none;\">\n<ul>\n<li><em>\u00a0<\/em><em><em>Dette mandatet er innebygd i strukturen til resultatregnskapet, som definerer inntekt til kapital som profitt, noe som skal \u00f8kes, mens inntekt til arbeidskraft er definert som en utgift, som skal reduseres i det uendelige.<\/em><\/em><\/li>\n<li><em>\u00a0<\/em><em>En lignende skjevhet finnes i bedriftens form\u00e5l, fokusert p\u00e5 kapitalgevinster, styremedlemskap begrenset til kapital, og en investeringskultur som definerer maksimal inntekt til kapital som hovedm\u00e5let\u2026 ingen investeringsinntekt er noen gang nok.<\/em><\/li>\n<\/ul>\n<\/li>\n<\/ul>\n<p style=\"padding-left: 40px;\"><strong><u>Favoriseringen av kapital er ofte fremmet av politikk<\/u> \u2013 som med lavere skatter p\u00e5 kapitalgevinster enn p\u00e5 arbeidsinntekt<\/strong>, redningsaksjoner for store banker, men ikke for vanlige huseiere, eller skattelettelser gitt til store selskaper som setter sm\u00e5 lokalt eide selskaper ut av drift. Likevel ligger kapitalskjevhet ogs\u00e5 dypere i grunnleggende \u00f8konomiske arkitekturer og normer, i institusjoner og eiendeler.<\/p>\n<p style=\"padding-left: 40px;\"><em>\u00a0<\/em>Denne kapital-favoriseringen f\u00f8rer til den p\u00e5g\u00e5ende innsatsen for- hvorhen det er mulig, \u00e5 fjerne arbeidsinntekt fra systemet. <strong><em>\u00bb<\/em><\/strong><\/p>\n<p style=\"text-align: right;\"><span style=\"font-size: 8pt;\"><em>\u00a0<\/em>Kelly og Howard (ibid: 5,6,23; egen oversettelse, tekst i klammer, uthevning og kulepunkter lagt til)<\/span><\/p>\n<p><em>\u00a0<\/em><\/p>\n<p>En hoveddriver for denne kapital-favoriseringen er styremedlemmers lojalitetsplikt overfor aksjeeiere (aksjon\u00e6rer) (\u2018Fiduciary duty\u2019- mest tydelig i USA), som vi skal se p\u00e5 i neste seksjon.<\/p>\n<div id=\"52AD2192_191A_4A25_6BDF_CC50FCFD217A\"><\/div>\n","protected":false},"excerpt":{"rendered":"<p>Fordelsulikhet; \u2018Capital bias\u2019 Denne fordels-ulikheten mellom Kapital og Arbeid er forklart av Kelly og Howard (2019) som f\u00f8lger: \u00abV\u00e5r \u00f8konomi er [\u00f8konomien] \u2018Til de 1%, Av de 1%, For de 1%\u2019 som \u00f8konomen Joseph Stiglitz sa det. I kjernen har den det vi, medforfatterne, kaller kapitalskjevhet, en favorisering mot finans og formueholdere som er usynlig [&hellip;]<\/p>\n","protected":false},"author":2,"featured_media":0,"parent":0,"menu_order":0,"comment_status":"closed","ping_status":"closed","template":"","meta":{"footnotes":""},"class_list":["post-103","page","type-page","status-publish","hentry"],"yoast_head":"<!-- This site is optimized with the Yoast SEO plugin v24.7 - https:\/\/yoast.com\/wordpress\/plugins\/seo\/ -->\n<title>Favoriseringen av Kapital - Coopreneur<\/title>\n<meta name=\"robots\" content=\"index, follow, max-snippet:-1, max-image-preview:large, max-video-preview:-1\" \/>\n<link rel=\"canonical\" href=\"https:\/\/coopreneur.no\/index.php\/favoriseringen-av-kapital\/\" \/>\n<meta property=\"og:locale\" content=\"en_GB\" \/>\n<meta property=\"og:type\" content=\"article\" \/>\n<meta property=\"og:title\" content=\"Favoriseringen av Kapital - Coopreneur\" \/>\n<meta property=\"og:description\" content=\"Fordelsulikhet; \u2018Capital bias\u2019 Denne fordels-ulikheten mellom Kapital og Arbeid er forklart av Kelly og Howard (2019) som f\u00f8lger: \u00abV\u00e5r \u00f8konomi er [\u00f8konomien] \u2018Til de 1%, Av de 1%, For de 1%\u2019 som \u00f8konomen Joseph Stiglitz sa det. I kjernen har den det vi, medforfatterne, kaller kapitalskjevhet, en favorisering mot finans og formueholdere som er usynlig [&hellip;]\" \/>\n<meta property=\"og:url\" content=\"https:\/\/coopreneur.no\/index.php\/favoriseringen-av-kapital\/\" \/>\n<meta property=\"og:site_name\" content=\"Coopreneur\" \/>\n<meta name=\"twitter:card\" content=\"summary_large_image\" \/>\n<meta name=\"twitter:label1\" content=\"Estimated reading time\" \/>\n\t<meta name=\"twitter:data1\" content=\"1 minute\" \/>\n<script type=\"application\/ld+json\" class=\"yoast-schema-graph\">{\"@context\":\"https:\/\/schema.org\",\"@graph\":[{\"@type\":\"WebPage\",\"@id\":\"https:\/\/coopreneur.no\/index.php\/favoriseringen-av-kapital\/\",\"url\":\"https:\/\/coopreneur.no\/index.php\/favoriseringen-av-kapital\/\",\"name\":\"Favoriseringen av Kapital - Coopreneur\",\"isPartOf\":{\"@id\":\"https:\/\/coopreneur.no\/#website\"},\"datePublished\":\"2023-01-06T09:03:41+00:00\",\"breadcrumb\":{\"@id\":\"https:\/\/coopreneur.no\/index.php\/favoriseringen-av-kapital\/#breadcrumb\"},\"inLanguage\":\"en-GB\",\"potentialAction\":[{\"@type\":\"ReadAction\",\"target\":[\"https:\/\/coopreneur.no\/index.php\/favoriseringen-av-kapital\/\"]}]},{\"@type\":\"BreadcrumbList\",\"@id\":\"https:\/\/coopreneur.no\/index.php\/favoriseringen-av-kapital\/#breadcrumb\",\"itemListElement\":[{\"@type\":\"ListItem\",\"position\":1,\"name\":\"Home\",\"item\":\"https:\/\/coopreneur.no\/\"},{\"@type\":\"ListItem\",\"position\":2,\"name\":\"Favoriseringen av Kapital\"}]},{\"@type\":\"WebSite\",\"@id\":\"https:\/\/coopreneur.no\/#website\",\"url\":\"https:\/\/coopreneur.no\/\",\"name\":\"Coopreneur\",\"description\":\"Cooperative Social Entrepreneurship\",\"publisher\":{\"@id\":\"https:\/\/coopreneur.no\/#organization\"},\"potentialAction\":[{\"@type\":\"SearchAction\",\"target\":{\"@type\":\"EntryPoint\",\"urlTemplate\":\"https:\/\/coopreneur.no\/?s={search_term_string}\"},\"query-input\":{\"@type\":\"PropertyValueSpecification\",\"valueRequired\":true,\"valueName\":\"search_term_string\"}}],\"inLanguage\":\"en-GB\"},{\"@type\":\"Organization\",\"@id\":\"https:\/\/coopreneur.no\/#organization\",\"name\":\"Coopreneur\",\"url\":\"https:\/\/coopreneur.no\/\",\"logo\":{\"@type\":\"ImageObject\",\"inLanguage\":\"en-GB\",\"@id\":\"https:\/\/coopreneur.no\/#\/schema\/logo\/image\/\",\"url\":\"https:\/\/coopreneur.no\/wp-content\/uploads\/2023\/01\/cropped-ic_launcher2-playstore.png\",\"contentUrl\":\"https:\/\/coopreneur.no\/wp-content\/uploads\/2023\/01\/cropped-ic_launcher2-playstore.png\",\"width\":512,\"height\":512,\"caption\":\"Coopreneur\"},\"image\":{\"@id\":\"https:\/\/coopreneur.no\/#\/schema\/logo\/image\/\"}}]}<\/script>\n<!-- \/ Yoast SEO plugin. -->","yoast_head_json":{"title":"Favoriseringen av Kapital - Coopreneur","robots":{"index":"index","follow":"follow","max-snippet":"max-snippet:-1","max-image-preview":"max-image-preview:large","max-video-preview":"max-video-preview:-1"},"canonical":"https:\/\/coopreneur.no\/index.php\/favoriseringen-av-kapital\/","og_locale":"en_GB","og_type":"article","og_title":"Favoriseringen av Kapital - Coopreneur","og_description":"Fordelsulikhet; \u2018Capital bias\u2019 Denne fordels-ulikheten mellom Kapital og Arbeid er forklart av Kelly og Howard (2019) som f\u00f8lger: \u00abV\u00e5r \u00f8konomi er [\u00f8konomien] \u2018Til de 1%, Av de 1%, For de 1%\u2019 som \u00f8konomen Joseph Stiglitz sa det. I kjernen har den det vi, medforfatterne, kaller kapitalskjevhet, en favorisering mot finans og formueholdere som er usynlig [&hellip;]","og_url":"https:\/\/coopreneur.no\/index.php\/favoriseringen-av-kapital\/","og_site_name":"Coopreneur","twitter_card":"summary_large_image","twitter_misc":{"Estimated reading time":"1 minute"},"schema":{"@context":"https:\/\/schema.org","@graph":[{"@type":"WebPage","@id":"https:\/\/coopreneur.no\/index.php\/favoriseringen-av-kapital\/","url":"https:\/\/coopreneur.no\/index.php\/favoriseringen-av-kapital\/","name":"Favoriseringen av Kapital - Coopreneur","isPartOf":{"@id":"https:\/\/coopreneur.no\/#website"},"datePublished":"2023-01-06T09:03:41+00:00","breadcrumb":{"@id":"https:\/\/coopreneur.no\/index.php\/favoriseringen-av-kapital\/#breadcrumb"},"inLanguage":"en-GB","potentialAction":[{"@type":"ReadAction","target":["https:\/\/coopreneur.no\/index.php\/favoriseringen-av-kapital\/"]}]},{"@type":"BreadcrumbList","@id":"https:\/\/coopreneur.no\/index.php\/favoriseringen-av-kapital\/#breadcrumb","itemListElement":[{"@type":"ListItem","position":1,"name":"Home","item":"https:\/\/coopreneur.no\/"},{"@type":"ListItem","position":2,"name":"Favoriseringen av Kapital"}]},{"@type":"WebSite","@id":"https:\/\/coopreneur.no\/#website","url":"https:\/\/coopreneur.no\/","name":"Coopreneur","description":"Cooperative Social Entrepreneurship","publisher":{"@id":"https:\/\/coopreneur.no\/#organization"},"potentialAction":[{"@type":"SearchAction","target":{"@type":"EntryPoint","urlTemplate":"https:\/\/coopreneur.no\/?s={search_term_string}"},"query-input":{"@type":"PropertyValueSpecification","valueRequired":true,"valueName":"search_term_string"}}],"inLanguage":"en-GB"},{"@type":"Organization","@id":"https:\/\/coopreneur.no\/#organization","name":"Coopreneur","url":"https:\/\/coopreneur.no\/","logo":{"@type":"ImageObject","inLanguage":"en-GB","@id":"https:\/\/coopreneur.no\/#\/schema\/logo\/image\/","url":"https:\/\/coopreneur.no\/wp-content\/uploads\/2023\/01\/cropped-ic_launcher2-playstore.png","contentUrl":"https:\/\/coopreneur.no\/wp-content\/uploads\/2023\/01\/cropped-ic_launcher2-playstore.png","width":512,"height":512,"caption":"Coopreneur"},"image":{"@id":"https:\/\/coopreneur.no\/#\/schema\/logo\/image\/"}}]}},"_links":{"self":[{"href":"https:\/\/coopreneur.no\/index.php\/wp-json\/wp\/v2\/pages\/103","targetHints":{"allow":["GET"]}}],"collection":[{"href":"https:\/\/coopreneur.no\/index.php\/wp-json\/wp\/v2\/pages"}],"about":[{"href":"https:\/\/coopreneur.no\/index.php\/wp-json\/wp\/v2\/types\/page"}],"author":[{"embeddable":true,"href":"https:\/\/coopreneur.no\/index.php\/wp-json\/wp\/v2\/users\/2"}],"replies":[{"embeddable":true,"href":"https:\/\/coopreneur.no\/index.php\/wp-json\/wp\/v2\/comments?post=103"}],"version-history":[{"count":0,"href":"https:\/\/coopreneur.no\/index.php\/wp-json\/wp\/v2\/pages\/103\/revisions"}],"wp:attachment":[{"href":"https:\/\/coopreneur.no\/index.php\/wp-json\/wp\/v2\/media?parent=103"}],"curies":[{"name":"wp","href":"https:\/\/api.w.org\/{rel}","templated":true}]}}