{"id":1008,"date":"2024-02-02T12:06:00","date_gmt":"2024-02-02T11:06:00","guid":{"rendered":"https:\/\/coopreneur.top\/?page_id=1008"},"modified":"2025-08-25T11:36:15","modified_gmt":"2025-08-25T10:36:15","slug":"regenerativitet-vs-baerekraft","status":"publish","type":"page","link":"https:\/\/coopreneur.no\/index.php\/regenerativitet-vs-baerekraft\/","title":{"rendered":"Regenerativ"},"content":{"rendered":"<h2>Regenerativitet vs B\u00e6rekraft<\/h2>\n<p>&nbsp;<\/p>\n<p>Referanser fra bl.a. Gj\u00f8rvad og Rosenstock (2021) [heretter \u2018G&amp;R\u2019] vil hjelpe oss med \u00e5 forst\u00e5 hva dette inneb\u00e6rer.<\/p>\n<p>En presisering: G&amp;R hevder at et regenerativt tankesett overg\u00e5r ambisjonene til den sirkul\u00e6re \u00f8konomien. Til det vil jeg si, ja- hvis vi snakker om den <u>konvensjonelle<\/u> sirkul\u00e6r-\u00f8konomien. Men for det jeg har beskrevet som en <a href=\"https:\/\/coopreneur.no\/index.php\/mot-en-reell-sirkulaerokonomi\/\">reell sirkul\u00e6r\u00f8konomi<\/a><u>,<\/u> er det derimot et sammenfall. Alts\u00e5 vil det som i grafen nedenfor kalles \u2018regenerativ\u2019, inkludere det jeg har beskrevet som en \u2018reell sirkul\u00e6r\u00f8konomi\u2019<\/p>\n<h6>G&amp;R tar utgangspunkt i en graf de har hentet (og oversatt) fra Brown et.al (editors) 2018 <strong><span style=\"text-decoration: underline;\"><a href=\"https:\/\/www.eurestore.eu\/wp-content\/uploads\/2018\/05\/RESTORE_booklet_print_END.pdf\">COST Action CA16114 RESTORE: REthinking Sustainability TOwards a Regenerative Economy, Working Group One Report: Restorative Sustainability<\/a><\/span><\/strong><\/h6>\n<p>(Jeg har utelatt G&amp;R\u2019s tilleggsreferanser til den orginale grafen [om lin\u00e6r, sirkul\u00e6r og regenerativ \u00f8konomi])<\/p>\n<p>&nbsp;<\/p>\n<p><img loading=\"lazy\" decoding=\"async\" class=\"alignnone wp-image-1037 aligncenter\" src=\"https:\/\/coopreneur.no\/wp-content\/uploads\/2024\/02\/renenerativt_brown-300x150.png\" alt=\"\" width=\"424\" height=\"212\" \/><\/p>\n<p>G&amp;R referrer til denne grafen som f\u00f8lger:<\/p>\n<p style=\"padding-left: 40px;\"><strong><em>\u201c<\/em><\/strong><\/p>\n<p style=\"padding-left: 40px;\"><em>Det holder ikke lenger \u00e5 definere det \u00e5 v\u00e6re b\u00e6rekraftig som synonymt med nullutslipp, og for \u00e5 gjenopprette planetens helse m\u00e5 vi i st\u00f8rre grad skape innovative l\u00f8sninger som klarer \u00e5 bygge opp fremfor \u00e5 bryte ned.\u00a0 <\/em><\/p>\n<p style=\"padding-left: 40px;\"><em>\u00a0<\/em><em>..Tidligere var normalen \u00e5 se p\u00e5 b\u00e6rekraft som et likevektsproblem, der b\u00e6rekraftig drift ble definert av at vi \u201ctar like mye som vi gir\u201d. \u00c5 begrense og nulle ut negativ p\u00e5virkning har lenge st\u00e5tt i fokus for \u00e5 oppn\u00e5 b\u00e6rekraftig drift. <\/em><\/p>\n<p style=\"padding-left: 40px;\"><em>\u00a0<\/em><em>I denne sammenheng har et\u00a0b\u00e6rekraftig\u00a0selskap ambisjoner om klima-n\u00f8ytralitet, der det onde med det gode forh\u00e5pentligvis utligner hverandre. Eksempelvis har selskaper som Equinor og SAS ambisjoner om \u00e5 bli mer b\u00e6rekraftige ved \u00e5 n\u00e5 dette likevektspunktet innen 2050.<\/em><\/p>\n<p style=\"padding-left: 40px;\"><em>\u00a0<\/em><strong><em>I dag holder det ikke at selskaper utelukkende higer etter \u00e5 oppn\u00e5 dette likevektspunktet, og flere beveger seg derfor mot et\u00a0gjenopprettende\u00a0tankesett.<\/em><\/strong><em> Her er fokuset i st\u00f8rre grad \u00e5 gj\u00f8re mer godt enn vondt <\/em>[jfr. websiden \u2018<span style=\"text-decoration: underline;\"><strong><a title=\"Mot en reell sirkul\u00e6r\u00f8konomi\" href=\"https:\/\/coopreneur.no\/index.php\/mot-en-reell-sirkulaerokonomi\/\">Mot en Reell Sirkul\u00e6r\u00f8konomi<\/a>\u2019]<\/strong><\/span><\/p>\n<p style=\"padding-left: 40px;\"><strong><em>\u00a0<\/em><\/strong><strong><em>Dersom vi beveger oss enda et hakk videre mot &#8216;less bad, more good&#8217;, finner vi det regenerative tankesettet..<\/em><\/strong><em> I korte trekk handler regenerativitet om \u00e5 b\u00e5de bygge opp igjen og utvikle fremfor \u00e5 utelukkende redusere p\u00e5f\u00f8rte skader, der b\u00e5de planeten, samfunn og helsen til mennesker st\u00e5r i fokus.<\/em><\/p>\n<p style=\"padding-left: 40px; text-align: right;\"><strong><em>\u201d<\/em><\/strong><\/p>\n<p style=\"text-align: right;\"><span style=\"font-size: 8pt;\">Nora\u00a0Lade Gj\u00f8rvad\u00a0og\u00a0Key\u00a0Rosenstock (21. september 2021) <a href=\"https:\/\/medium.com\/sprintconsulting\/regenerativ-%C3%B8konomi-den-nye-b%C3%A6rekraftsb%C3%B8lgen-c46cfda47e04\"><span style=\"text-decoration: underline;\"><strong>Regenerativ \u00f8konomi \u2014 den nye b\u00e6rekraftsb\u00f8lgen<\/strong><\/span> [utheving og tekst i klammer lagt til]<\/a><\/span><\/p>\n<p><em>\u00a0<\/em>[Brown et.al 2018 utrykker det p\u00e5 denne m\u00e5ten:<\/p>\n<p style=\"padding-left: 40px;\">&#8220;Ved \u00e5 \u2018gj\u00f8re mer godt \u00e5pner vi d\u00f8rer for \u00e5 gjenopprette milj\u00f8er og samfunn, og for \u00e5 skape og muliggj\u00f8re forhold for <u>milj\u00f8messig, sosial og \u00f8konomisk regenerativ vekst<\/u>.&#8221;<\/p>\n<p style=\"text-align: right;\"><span style=\"font-size: 8pt;\">(ibid:8 [egen oversettelse, utheving lagt til]).<\/span><\/p>\n<div id=\"52AD2192_191A_4A25_6BDF_CC50FCFD217A\"><\/div>\n<div id=\"52AD2192_191A_4A25_6BDF_CC50FCFD217A\"><\/div>\n<div id=\"52AD2192_191A_4A25_6BDF_CC50FCFD217A\"><\/div>\n<div id=\"52AD2192_191A_4A25_6BDF_CC50FCFD217A\"><\/div>\n<div id=\"52AD2192_191A_4A25_6BDF_CC50FCFD217A\"><\/div>\n<div id=\"52AD2192_191A_4A25_6BDF_CC50FCFD217A\"><\/div>\n<div id=\"52AD2192_191A_4A25_6BDF_CC50FCFD217A\"><\/div>\n","protected":false},"excerpt":{"rendered":"<p>Regenerativitet vs B\u00e6rekraft &nbsp; Referanser fra bl.a. Gj\u00f8rvad og Rosenstock (2021) [heretter \u2018G&amp;R\u2019] vil hjelpe oss med \u00e5 forst\u00e5 hva dette inneb\u00e6rer. En presisering: G&amp;R hevder at et regenerativt tankesett overg\u00e5r ambisjonene til den sirkul\u00e6re \u00f8konomien. Til det vil jeg si, ja- hvis vi snakker om den konvensjonelle sirkul\u00e6r-\u00f8konomien. Men for det jeg har beskrevet [&hellip;]<\/p>\n","protected":false},"author":1,"featured_media":0,"parent":0,"menu_order":0,"comment_status":"closed","ping_status":"closed","template":"","meta":{"footnotes":""},"class_list":["post-1008","page","type-page","status-publish","hentry"],"yoast_head":"<!-- This site is optimized with the Yoast SEO plugin v24.7 - https:\/\/yoast.com\/wordpress\/plugins\/seo\/ -->\n<title>Regenerativ - Coopreneur<\/title>\n<meta name=\"robots\" content=\"index, follow, max-snippet:-1, max-image-preview:large, max-video-preview:-1\" \/>\n<link rel=\"canonical\" href=\"https:\/\/coopreneur.no\/index.php\/regenerativitet-vs-baerekraft\/\" \/>\n<meta property=\"og:locale\" content=\"en_GB\" \/>\n<meta property=\"og:type\" content=\"article\" \/>\n<meta property=\"og:title\" content=\"Regenerativ - Coopreneur\" \/>\n<meta property=\"og:description\" content=\"Regenerativitet vs B\u00e6rekraft &nbsp; Referanser fra bl.a. Gj\u00f8rvad og Rosenstock (2021) [heretter \u2018G&amp;R\u2019] vil hjelpe oss med \u00e5 forst\u00e5 hva dette inneb\u00e6rer. En presisering: G&amp;R hevder at et regenerativt tankesett overg\u00e5r ambisjonene til den sirkul\u00e6re \u00f8konomien. Til det vil jeg si, ja- hvis vi snakker om den konvensjonelle sirkul\u00e6r-\u00f8konomien. Men for det jeg har beskrevet [&hellip;]\" \/>\n<meta property=\"og:url\" content=\"https:\/\/coopreneur.no\/index.php\/regenerativitet-vs-baerekraft\/\" \/>\n<meta property=\"og:site_name\" content=\"Coopreneur\" \/>\n<meta property=\"article:modified_time\" content=\"2025-08-25T10:36:15+00:00\" \/>\n<meta name=\"twitter:card\" content=\"summary_large_image\" \/>\n<meta name=\"twitter:label1\" content=\"Estimated reading time\" \/>\n\t<meta name=\"twitter:data1\" content=\"2 minutes\" \/>\n<script type=\"application\/ld+json\" class=\"yoast-schema-graph\">{\"@context\":\"https:\/\/schema.org\",\"@graph\":[{\"@type\":\"WebPage\",\"@id\":\"https:\/\/coopreneur.no\/index.php\/regenerativitet-vs-baerekraft\/\",\"url\":\"https:\/\/coopreneur.no\/index.php\/regenerativitet-vs-baerekraft\/\",\"name\":\"Regenerativ - Coopreneur\",\"isPartOf\":{\"@id\":\"https:\/\/coopreneur.no\/#website\"},\"primaryImageOfPage\":{\"@id\":\"https:\/\/coopreneur.no\/index.php\/regenerativitet-vs-baerekraft\/#primaryimage\"},\"image\":{\"@id\":\"https:\/\/coopreneur.no\/index.php\/regenerativitet-vs-baerekraft\/#primaryimage\"},\"thumbnailUrl\":\"https:\/\/coopreneur.no\/wp-content\/uploads\/2024\/02\/renenerativt_brown-300x150.png\",\"datePublished\":\"2024-02-02T11:06:00+00:00\",\"dateModified\":\"2025-08-25T10:36:15+00:00\",\"breadcrumb\":{\"@id\":\"https:\/\/coopreneur.no\/index.php\/regenerativitet-vs-baerekraft\/#breadcrumb\"},\"inLanguage\":\"en-GB\",\"potentialAction\":[{\"@type\":\"ReadAction\",\"target\":[\"https:\/\/coopreneur.no\/index.php\/regenerativitet-vs-baerekraft\/\"]}]},{\"@type\":\"ImageObject\",\"inLanguage\":\"en-GB\",\"@id\":\"https:\/\/coopreneur.no\/index.php\/regenerativitet-vs-baerekraft\/#primaryimage\",\"url\":\"\",\"contentUrl\":\"\"},{\"@type\":\"BreadcrumbList\",\"@id\":\"https:\/\/coopreneur.no\/index.php\/regenerativitet-vs-baerekraft\/#breadcrumb\",\"itemListElement\":[{\"@type\":\"ListItem\",\"position\":1,\"name\":\"Home\",\"item\":\"https:\/\/coopreneur.no\/\"},{\"@type\":\"ListItem\",\"position\":2,\"name\":\"Regenerativ\"}]},{\"@type\":\"WebSite\",\"@id\":\"https:\/\/coopreneur.no\/#website\",\"url\":\"https:\/\/coopreneur.no\/\",\"name\":\"Coopreneur\",\"description\":\"Cooperative Social Entrepreneurship\",\"publisher\":{\"@id\":\"https:\/\/coopreneur.no\/#organization\"},\"potentialAction\":[{\"@type\":\"SearchAction\",\"target\":{\"@type\":\"EntryPoint\",\"urlTemplate\":\"https:\/\/coopreneur.no\/?s={search_term_string}\"},\"query-input\":{\"@type\":\"PropertyValueSpecification\",\"valueRequired\":true,\"valueName\":\"search_term_string\"}}],\"inLanguage\":\"en-GB\"},{\"@type\":\"Organization\",\"@id\":\"https:\/\/coopreneur.no\/#organization\",\"name\":\"Coopreneur\",\"url\":\"https:\/\/coopreneur.no\/\",\"logo\":{\"@type\":\"ImageObject\",\"inLanguage\":\"en-GB\",\"@id\":\"https:\/\/coopreneur.no\/#\/schema\/logo\/image\/\",\"url\":\"https:\/\/coopreneur.no\/wp-content\/uploads\/2023\/01\/cropped-ic_launcher2-playstore.png\",\"contentUrl\":\"https:\/\/coopreneur.no\/wp-content\/uploads\/2023\/01\/cropped-ic_launcher2-playstore.png\",\"width\":512,\"height\":512,\"caption\":\"Coopreneur\"},\"image\":{\"@id\":\"https:\/\/coopreneur.no\/#\/schema\/logo\/image\/\"}}]}<\/script>\n<!-- \/ Yoast SEO plugin. -->","yoast_head_json":{"title":"Regenerativ - Coopreneur","robots":{"index":"index","follow":"follow","max-snippet":"max-snippet:-1","max-image-preview":"max-image-preview:large","max-video-preview":"max-video-preview:-1"},"canonical":"https:\/\/coopreneur.no\/index.php\/regenerativitet-vs-baerekraft\/","og_locale":"en_GB","og_type":"article","og_title":"Regenerativ - Coopreneur","og_description":"Regenerativitet vs B\u00e6rekraft &nbsp; Referanser fra bl.a. Gj\u00f8rvad og Rosenstock (2021) [heretter \u2018G&amp;R\u2019] vil hjelpe oss med \u00e5 forst\u00e5 hva dette inneb\u00e6rer. En presisering: G&amp;R hevder at et regenerativt tankesett overg\u00e5r ambisjonene til den sirkul\u00e6re \u00f8konomien. Til det vil jeg si, ja- hvis vi snakker om den konvensjonelle sirkul\u00e6r-\u00f8konomien. Men for det jeg har beskrevet [&hellip;]","og_url":"https:\/\/coopreneur.no\/index.php\/regenerativitet-vs-baerekraft\/","og_site_name":"Coopreneur","article_modified_time":"2025-08-25T10:36:15+00:00","twitter_card":"summary_large_image","twitter_misc":{"Estimated reading time":"2 minutes"},"schema":{"@context":"https:\/\/schema.org","@graph":[{"@type":"WebPage","@id":"https:\/\/coopreneur.no\/index.php\/regenerativitet-vs-baerekraft\/","url":"https:\/\/coopreneur.no\/index.php\/regenerativitet-vs-baerekraft\/","name":"Regenerativ - Coopreneur","isPartOf":{"@id":"https:\/\/coopreneur.no\/#website"},"primaryImageOfPage":{"@id":"https:\/\/coopreneur.no\/index.php\/regenerativitet-vs-baerekraft\/#primaryimage"},"image":{"@id":"https:\/\/coopreneur.no\/index.php\/regenerativitet-vs-baerekraft\/#primaryimage"},"thumbnailUrl":"https:\/\/coopreneur.no\/wp-content\/uploads\/2024\/02\/renenerativt_brown-300x150.png","datePublished":"2024-02-02T11:06:00+00:00","dateModified":"2025-08-25T10:36:15+00:00","breadcrumb":{"@id":"https:\/\/coopreneur.no\/index.php\/regenerativitet-vs-baerekraft\/#breadcrumb"},"inLanguage":"en-GB","potentialAction":[{"@type":"ReadAction","target":["https:\/\/coopreneur.no\/index.php\/regenerativitet-vs-baerekraft\/"]}]},{"@type":"ImageObject","inLanguage":"en-GB","@id":"https:\/\/coopreneur.no\/index.php\/regenerativitet-vs-baerekraft\/#primaryimage","url":"","contentUrl":""},{"@type":"BreadcrumbList","@id":"https:\/\/coopreneur.no\/index.php\/regenerativitet-vs-baerekraft\/#breadcrumb","itemListElement":[{"@type":"ListItem","position":1,"name":"Home","item":"https:\/\/coopreneur.no\/"},{"@type":"ListItem","position":2,"name":"Regenerativ"}]},{"@type":"WebSite","@id":"https:\/\/coopreneur.no\/#website","url":"https:\/\/coopreneur.no\/","name":"Coopreneur","description":"Cooperative Social Entrepreneurship","publisher":{"@id":"https:\/\/coopreneur.no\/#organization"},"potentialAction":[{"@type":"SearchAction","target":{"@type":"EntryPoint","urlTemplate":"https:\/\/coopreneur.no\/?s={search_term_string}"},"query-input":{"@type":"PropertyValueSpecification","valueRequired":true,"valueName":"search_term_string"}}],"inLanguage":"en-GB"},{"@type":"Organization","@id":"https:\/\/coopreneur.no\/#organization","name":"Coopreneur","url":"https:\/\/coopreneur.no\/","logo":{"@type":"ImageObject","inLanguage":"en-GB","@id":"https:\/\/coopreneur.no\/#\/schema\/logo\/image\/","url":"https:\/\/coopreneur.no\/wp-content\/uploads\/2023\/01\/cropped-ic_launcher2-playstore.png","contentUrl":"https:\/\/coopreneur.no\/wp-content\/uploads\/2023\/01\/cropped-ic_launcher2-playstore.png","width":512,"height":512,"caption":"Coopreneur"},"image":{"@id":"https:\/\/coopreneur.no\/#\/schema\/logo\/image\/"}}]}},"_links":{"self":[{"href":"https:\/\/coopreneur.no\/index.php\/wp-json\/wp\/v2\/pages\/1008","targetHints":{"allow":["GET"]}}],"collection":[{"href":"https:\/\/coopreneur.no\/index.php\/wp-json\/wp\/v2\/pages"}],"about":[{"href":"https:\/\/coopreneur.no\/index.php\/wp-json\/wp\/v2\/types\/page"}],"author":[{"embeddable":true,"href":"https:\/\/coopreneur.no\/index.php\/wp-json\/wp\/v2\/users\/1"}],"replies":[{"embeddable":true,"href":"https:\/\/coopreneur.no\/index.php\/wp-json\/wp\/v2\/comments?post=1008"}],"version-history":[{"count":4,"href":"https:\/\/coopreneur.no\/index.php\/wp-json\/wp\/v2\/pages\/1008\/revisions"}],"predecessor-version":[{"id":2345,"href":"https:\/\/coopreneur.no\/index.php\/wp-json\/wp\/v2\/pages\/1008\/revisions\/2345"}],"wp:attachment":[{"href":"https:\/\/coopreneur.no\/index.php\/wp-json\/wp\/v2\/media?parent=1008"}],"curies":[{"name":"wp","href":"https:\/\/api.w.org\/{rel}","templated":true}]}}