{"id":100,"date":"2023-01-06T09:57:13","date_gmt":"2023-01-06T08:57:13","guid":{"rendered":"https:\/\/coopreneur.top\/?page_id=100"},"modified":"2024-11-09T17:14:57","modified_gmt":"2024-11-09T17:14:57","slug":"styremedlemmers-lojalitetsplikt","status":"publish","type":"page","link":"https:\/\/coopreneur.no\/index.php\/styremedlemmers-lojalitetsplikt\/","title":{"rendered":"Styremedlemmers plikt"},"content":{"rendered":"<h2>Styremedlemmers lojalitetsplikt ovenfor aksjon\u00e6rer: Elefanten i Rommet<\/h2>\n<p style=\"padding-left: 40px;\"><em>\u201cSelv om en aksjon\u00e6r kan v\u00e6re deleier i et aksjeselskap, har han vanligvis ingen kontroll over den daglige ledelsen av selskapet. Styremedlemmene og &#8216;the officers\u2019 har direkte kontroll over selskapet, og derfor har de lojalitetsplikt [\u2019fiduciary duty\u2019] ovenfor eierne, som er aksjon\u00e6rene.\u201d<\/em><\/p>\n<p style=\"text-align: right;\"><span style=\"font-size: 8pt;\">\u00a0 \u00a0[<a href=\"https:\/\/smallbusiness.chron.com\/corporation-owe-fiduciary-duty-shareholders-70243.html\">T<strong><span style=\"color: #3366ff;\">he Houston Chronicle<\/span><\/strong><\/a>]<\/span><\/p>\n<p>Hvorfor er dette viktig? En indikasjon er gitt i sitatet nedenfor (relevant for store b\u00f8rs-noterte selskaper, selv om den f\u00f8rste delen refererer til banker spesielt).<\/p>\n<p style=\"padding-left: 40px;\"><em><strong>\u00ab<\/strong><strong>\u00a0 <\/strong>For 50 \u00e5r siden, i USA og Europa, for folk som trengte finansiell r\u00e5dgivning, vendte de seg instinktivt til banksjefen sin, som var et respektert medlem av samfunnet med god lokalkunnskap. Han &#8211; og det var alltid en han &#8211; ville styre en kunde bort fra ett produkt til et annet selv om det ville f\u00f8re til en mindre fortjeneste for banken\u2026den underliggende antakelsen var at det \u00e5 selge et produkt som var riktig for kundens personlige forhold uavhengig av dets l\u00f8nnsomhet for banken var i den langsiktige interessen til banken og dens aksjon\u00e6rer..<\/em><\/p>\n<p style=\"padding-left: 40px;\"><em>Alt endret seg p\u00e5 1980-tallet med <strong><u>aksjon\u00e6rverdi-revolusjonen<\/u><\/strong>. Folk i b\u00f8rsnoterte selskaper fra administrerende direkt\u00f8r og nedover kom under mye st\u00f8rre press for \u00e5 \u00f8ke inntjeningen p\u00e5 \u00e5rs-, halv\u00e5rs- og kvartalsbasis. Resultatet var at <strong>bankfolks plikt til \u00e5 ivareta kundens interesser kom i potensiell konflikt med aksjon\u00e6renes <u>kortsiktige<\/u> interesser.<\/strong>..presset p\u00e5 administrerende direkt\u00f8rer fra kapital-markedene \u00f8kte eksponentielt. Fondsforvaltere, analytikere og media har blitt vokale i sine krav om verdi.<\/em><\/p>\n<p style=\"padding-left: 40px;\"><em>Kravet om <strong><u>kvartalsvis rapportering<\/u><\/strong> avlet en \u00abhitting the numbers\u00bb-kultur. <strong>Administrerende direkt\u00f8rer som ikke klarte \u00e5 innfri markedets forventninger, kunne finne seg selv i utkastersetet n\u00e5r aksjekursen kollapset.<\/strong> I de engelsktalende landene kom administrerende direkt\u00f8rers gjennomsnittlige funksjonstid ned til s\u00e5 lite som tre eller fire \u00e5r. <strong>\u00bb<\/strong><\/em><\/p>\n<p style=\"text-align: right;\"><span style=\"font-size: 8pt;\">John Plender and Avinash D. Persaud (2007: 53-54,8-9): <em>All you need to know about Ethics and Finance-Finding a moral compass in business today. <\/em>[egen oversettelse, uthevning lagt til]<\/span><\/p>\n<p>Kelly og Howard (2019) \u00a0referer til lojalitetsplikten (\u2018fiduciary duty\u2019) og dens f\u00f8lger:<\/p>\n<p style=\"padding-left: 40px;\"><em><strong>\u201c<\/strong>I dag er 40 prosent av jobbene i USA usikre, deltids-, kontrakts-, gig-\u00f8konomi-type arbeid, og til og med disse jobbene forsvinner i m\u00f8te med offshoring og automatisering. <strong>Vi f\u00e5r disse usikre jobbene p\u00e5 grunn av systemets naturlige funksjon. <\/strong>Realiteten er at jakten p\u00e5 profitt ofte betyr \u00e5 holde l\u00f8nn nede \u2013 og det er en funksjon, ikke en feil.<\/em><\/p>\n<p style=\"padding-left: 40px;\"><em>Vi har ikke fullt ut konfrontert det faktum at selskaper mener de har en plikt [\u2018fiduciary duty\u2019] til systematisk \u00e5 undertrykke arbeid- og arbeidsinntekt \u2013 og svekke milj\u00f8regulering \u2013 for \u00e5 \u00f8ke profitten for velst\u00e5ende aksjon\u00e6rer.<\/em><\/p>\n<p style=\"padding-left: 40px;\"><em>I uttrekks-\u00f8konomien (\u2018the extractive economy\u2019), m\u00e5 samtaler om b\u00e6rekraft med selskaper og investorer [derfor] passe inn i rammen av profittmaksimering.<\/em><\/p>\n<p style=\"padding-left: 40px;\"><em><strong>N\u00e5r den f\u00f8rste moralske plikten er \u00e5 maksimere avkastningen p\u00e5 investeringer, blir det i realiteten den eneste plikten, noe som krever at alle andre bekymringer \u2013 milj\u00f8et, samfunnenes og ansattes velferd \u2013 rettferdiggj\u00f8res med tanke p\u00e5 dens p\u00e5virkning p\u00e5 kapital [dvs.profitten].<\/strong><strong>\u201d<\/strong><\/em><\/p>\n<p style=\"text-align: right;\"><span style=\"font-size: 8pt;\">(Marjorie Kelly and Ted Howard (2019:6,24-25): <em>The Making Of a Democratic Economy. Building Prosperity for the Many, Not Just the Few<\/em>, egen oversettelse, uthevning og tekst i klammer lagt til).<\/span><\/p>\n<div id=\"52AD2192_191A_4A25_6BDF_CC50FCFD217A\"><\/div>\n<div><\/div>\n<div><\/div>\n<div>\n<h3>En Alternativ Lojalitetsplikt: Operasjonalisering av Ansvar overfor Fremtidige Generasjoner<\/h3>\n<p>Barnes (2015) argumenterer for at v\u00e5rt ansvar (lojalitetsplikt \/ \u2018fiduciary duty\u2019) overfor fremtidige generasjoner kan operasjonaliseres gjennom s\u00e5kalte \u00abcommon wealth trusts\u00bb, dvs. fond &amp; stiftelser for v\u00e5re allmeninger (for en introduksjon til almenningsbegrepet [\u2018the commons\u2019], se <a href=\"https:\/\/coopreneur.no\/index.php\/the-commons-en-introduksjon\/\">https:\/\/coopreneur.no\/index.php\/the-commons-en-introduksjon\/<\/a>).<\/p>\n<p>Barnes argumentasjon g\u00e5r som f\u00f8lger:<\/p>\n<p style=\"padding-left: 40px;\"><em>\u00abVi vet alle hva privat formue er: aksjer, obligasjoner, eiendom og s\u00e5 videre (..) Derimot legger vi knapt merke til v\u00e5r felles formue, som er mye rikere. Det inkluderer naturens store gaver (..) sammen med sosialt skapte institusjoner som storskala-bedrifter ikke kunne blomstre uten.<\/em><\/p>\n<p style=\"padding-left: 40px;\"><em>Tenk p\u00e5 hva som for eksempel ville skje hvis Internett sluttet \u00e5 fungere: alle virksomheter som er avhengige av det, ville plutselig ha liten verdi alene. Det samme gjelder v\u00e5re energi-, transport- og finanssystemer. Det er felles rikdom som skaper mesteparten av verdien av privat rikdom.<\/em><\/p>\n<p style=\"padding-left: 40px;\"><em>Felles rikdom er en rettighet som tilh\u00f8rer alle likt. Imidlertid anerkjenner ikke markedene for tiden slik rikdom eller anerkjenner dens verdi, langt mindre dens felles eierskap. P\u00e5 grunn av denne enorme markedssvikten tar, bruker eller forurenser private virksomheter felles formue uten grenser, vanligvis uten \u00e5 betale sine rettmessige eiere for privilegiet.<\/em><\/p>\n<p style=\"padding-left: 40px;\"><em>Ved \u00e5 gj\u00f8re det fanger private virksomheter og deres liten gruppe av eiere opp mye av verdiskapningen av felles rikdom, noe som forverrer ulikheten. Hvis bedrifter m\u00e5tte betale for bruken av felles formue, ville disse tingene ikke skje, eller i det minste skjedd mye mindre. Det som n\u00e5 er uprisede eksternaliteter eller direkte tyverier, ville bli kostnader selskaper m\u00e5tte betale og som kunne generere inntekter for alle.\u00bb<\/em><\/p>\n<p style=\"text-align: right;\"><span style=\"font-size: 8pt;\">Peter Barnes (2015): <strong><span style=\"color: #3366ff;\">&#8220;<a style=\"color: #3366ff;\" href=\"https:\/\/greattransition.org\/publication\/common-wealth-trusts\">Common Wealth Trusts: Structures of Transition<\/a> <\/span><\/strong>[egen oversettelse, utheving lagt til]<\/span><\/p>\n<p>Barnes begrunner ogs\u00e5 hvorfor valgte regjeringer ikke sikrer ansvar for felles rikdom og fremtidige generasjoner og hva som kan gj\u00f8res for \u00e5 rette opp denne mangelen:<\/p>\n<p style=\"padding-left: 40px;\"><em>\u00abV\u00e5r n\u00e5v\u00e6rende form for folkevalgt regjering er rett og slett ikke laget for \u00e5 balansere rettighetene til fremtidige generasjoner mot de n\u00e5levende. Siden fremtidige generasjoner ikke stemmer eller donerer til kandidater til offentlige verv, har de liten eller ingen innflytelse i v\u00e5rt valgsystem. Historisk sett var ikke dette et problem fordi da mange av dagens demokratiske systemer ble etablert, var ikke naturen truet slik den er i dag. N\u00e5 er imidlertid faren stor og kan ikke ignoreres.<\/em><\/p>\n<p style=\"padding-left: 40px;\"><em>En m\u00e5te \u00e5 omg\u00e5 denne demokrati-mangelen er \u00e5 gi fremtidige generasjoner representasjon i v\u00e5rt \u00f8konomiske system. Selv om det er vanskelig, er dette lettere \u00e5 gj\u00f8re \u2013 og n\u00e5r det f\u00f8rst er gjort, mer holdbart \u2013 enn \u00e5 representere dem i v\u00e5rt politiske system. Vi kan tildele eiendomsrettigheter i kritiske \u00f8kosystemer til truster\/stiftelser der aktiva\/verdi-bevaring, i stedet for \u00e5 vinne valg eller maksimere profitt, er det viktigste oppdraget. <a href=\"https:\/\/www.nationaltrust.org.uk\/our-cause\"><strong>The National Trust in England<\/strong><\/a>, som eier mer enn 600 000 hektar med landskap, inkludert en femtedel av kystlinjen, viser hvordan slike institusjoner kan se ut. S\u00e5kalte \u2018community land trusts\u2019 gir et lignende eksempel, om enn i mindre skala. \u00bb<\/em><\/p>\n<p style=\"text-align: right;\"><span style=\"font-size: 8pt;\">Barnes 2015 ibid. [egen oversettelse, utheving lagt til]<\/span><\/p>\n<p>Se avsnittet \u2018<em>Property on the Outside, Commons on the inside<\/em>\u2019 (Eiendom p\u00e5 utsiden, allmenning p\u00e5 innsiden\u2019) for en oversikt over hvordan de foresl\u00e5tte allmennings-samvelder\/stiftelser (\u2018commonwealth\u2019) b\u00f8r organiseres. Her vil vi nevne at Barnes forslag er i tr\u00e5d med v\u00e5rt nettsted sin vekt p\u00e5 en reell sirkul\u00e6r \u00f8konomi, inkludert fokuset p\u00e5 ulikhet:<\/p>\n<p style=\"padding-left: 40px;\"><em>\u00ab..organisering av felles rikdom (fellesskapets formue og verdier) kan, gjennom allmennings-samvelder<\/em><\/p>\n<p style=\"padding-left: 40px;\"><em>(1) bremse str\u00f8mmen av energi og materialer gjennom \u00f8konomien og<\/em><\/p>\n<p style=\"padding-left: 40px;\"><em>(2) gi alle en kilde til ikke-arbeidsinntekt.<\/em><\/p>\n<p style=\"padding-left: 40px;\"><em>..\u00c5 sikre et anstendig levebr\u00f8d for alle og redusere ulikhet vil kreve en eller annen form for ikke-arbeidsinntekt. Organisert felles rikdom kan komme til unnsetning ogs\u00e5 her.<\/em><\/p>\n<p style=\"padding-left: 40px;\"><em>I USA, for eksempel, kan organisert fellesformue over tid generere nok inntekt til \u00e5 betale utbytte p\u00e5 opptil $5 000 per person per \u00e5r. I utgangspunktet ville en betydelig del av midlene komme fra salg av et synkende antall tillatelser for \u00e5 parkere karbondioksid i v\u00e5r felles luft. Senere kan ytterligere utbytte genereres ved \u00e5 belaste selskaper som bruker landets finansielle infrastruktur, patent- og opphavsretts-systemer og elektromagnetiske radiob\u00f8lger.\u00bb<\/em><\/p>\n<p style=\"text-align: right;\"><span style=\"font-size: 8pt;\">Barnes 2015 ibid. [egen oversettelse, utheving lagt til]<\/span><\/p>\n<\/div>\n<div id=\"52AD2192_191A_4A25_6BDF_CC50FCFD217A\"><\/div>\n<div id=\"52AD2192_191A_4A25_6BDF_CC50FCFD217A\"><\/div>\n<div id=\"52AD2192_191A_4A25_6BDF_CC50FCFD217A\"><\/div>\n<div id=\"52AD2192_191A_4A25_6BDF_CC50FCFD217A\"><\/div>\n","protected":false},"excerpt":{"rendered":"<p>Styremedlemmers lojalitetsplikt ovenfor aksjon\u00e6rer: Elefanten i Rommet \u201cSelv om en aksjon\u00e6r kan v\u00e6re deleier i et aksjeselskap, har han vanligvis ingen kontroll over den daglige ledelsen av selskapet. Styremedlemmene og &#8216;the officers\u2019 har direkte kontroll over selskapet, og derfor har de lojalitetsplikt [\u2019fiduciary duty\u2019] ovenfor eierne, som er aksjon\u00e6rene.\u201d \u00a0 \u00a0[The Houston Chronicle] Hvorfor er [&hellip;]<\/p>\n","protected":false},"author":2,"featured_media":0,"parent":0,"menu_order":0,"comment_status":"closed","ping_status":"closed","template":"","meta":{"footnotes":""},"class_list":["post-100","page","type-page","status-publish","hentry"],"yoast_head":"<!-- This site is optimized with the Yoast SEO plugin v24.7 - https:\/\/yoast.com\/wordpress\/plugins\/seo\/ -->\n<title>Styremedlemmers plikt - Coopreneur<\/title>\n<meta name=\"robots\" content=\"index, follow, max-snippet:-1, max-image-preview:large, max-video-preview:-1\" \/>\n<link rel=\"canonical\" href=\"https:\/\/coopreneur.no\/index.php\/styremedlemmers-lojalitetsplikt\/\" \/>\n<meta property=\"og:locale\" content=\"en_GB\" \/>\n<meta property=\"og:type\" content=\"article\" \/>\n<meta property=\"og:title\" content=\"Styremedlemmers plikt - Coopreneur\" \/>\n<meta property=\"og:description\" content=\"Styremedlemmers lojalitetsplikt ovenfor aksjon\u00e6rer: Elefanten i Rommet \u201cSelv om en aksjon\u00e6r kan v\u00e6re deleier i et aksjeselskap, har han vanligvis ingen kontroll over den daglige ledelsen av selskapet. Styremedlemmene og &#8216;the officers\u2019 har direkte kontroll over selskapet, og derfor har de lojalitetsplikt [\u2019fiduciary duty\u2019] ovenfor eierne, som er aksjon\u00e6rene.\u201d \u00a0 \u00a0[The Houston Chronicle] Hvorfor er [&hellip;]\" \/>\n<meta property=\"og:url\" content=\"https:\/\/coopreneur.no\/index.php\/styremedlemmers-lojalitetsplikt\/\" \/>\n<meta property=\"og:site_name\" content=\"Coopreneur\" \/>\n<meta property=\"article:modified_time\" content=\"2024-11-09T17:14:57+00:00\" \/>\n<meta name=\"twitter:card\" content=\"summary_large_image\" \/>\n<meta name=\"twitter:label1\" content=\"Estimated reading time\" \/>\n\t<meta name=\"twitter:data1\" content=\"6 minutes\" \/>\n<script type=\"application\/ld+json\" class=\"yoast-schema-graph\">{\"@context\":\"https:\/\/schema.org\",\"@graph\":[{\"@type\":\"WebPage\",\"@id\":\"https:\/\/coopreneur.no\/index.php\/styremedlemmers-lojalitetsplikt\/\",\"url\":\"https:\/\/coopreneur.no\/index.php\/styremedlemmers-lojalitetsplikt\/\",\"name\":\"Styremedlemmers plikt - Coopreneur\",\"isPartOf\":{\"@id\":\"https:\/\/coopreneur.no\/#website\"},\"datePublished\":\"2023-01-06T08:57:13+00:00\",\"dateModified\":\"2024-11-09T17:14:57+00:00\",\"breadcrumb\":{\"@id\":\"https:\/\/coopreneur.no\/index.php\/styremedlemmers-lojalitetsplikt\/#breadcrumb\"},\"inLanguage\":\"en-GB\",\"potentialAction\":[{\"@type\":\"ReadAction\",\"target\":[\"https:\/\/coopreneur.no\/index.php\/styremedlemmers-lojalitetsplikt\/\"]}]},{\"@type\":\"BreadcrumbList\",\"@id\":\"https:\/\/coopreneur.no\/index.php\/styremedlemmers-lojalitetsplikt\/#breadcrumb\",\"itemListElement\":[{\"@type\":\"ListItem\",\"position\":1,\"name\":\"Home\",\"item\":\"https:\/\/coopreneur.no\/\"},{\"@type\":\"ListItem\",\"position\":2,\"name\":\"Styremedlemmers plikt\"}]},{\"@type\":\"WebSite\",\"@id\":\"https:\/\/coopreneur.no\/#website\",\"url\":\"https:\/\/coopreneur.no\/\",\"name\":\"Coopreneur\",\"description\":\"Cooperative Social Entrepreneurship\",\"publisher\":{\"@id\":\"https:\/\/coopreneur.no\/#organization\"},\"potentialAction\":[{\"@type\":\"SearchAction\",\"target\":{\"@type\":\"EntryPoint\",\"urlTemplate\":\"https:\/\/coopreneur.no\/?s={search_term_string}\"},\"query-input\":{\"@type\":\"PropertyValueSpecification\",\"valueRequired\":true,\"valueName\":\"search_term_string\"}}],\"inLanguage\":\"en-GB\"},{\"@type\":\"Organization\",\"@id\":\"https:\/\/coopreneur.no\/#organization\",\"name\":\"Coopreneur\",\"url\":\"https:\/\/coopreneur.no\/\",\"logo\":{\"@type\":\"ImageObject\",\"inLanguage\":\"en-GB\",\"@id\":\"https:\/\/coopreneur.no\/#\/schema\/logo\/image\/\",\"url\":\"https:\/\/coopreneur.no\/wp-content\/uploads\/2023\/01\/cropped-ic_launcher2-playstore.png\",\"contentUrl\":\"https:\/\/coopreneur.no\/wp-content\/uploads\/2023\/01\/cropped-ic_launcher2-playstore.png\",\"width\":512,\"height\":512,\"caption\":\"Coopreneur\"},\"image\":{\"@id\":\"https:\/\/coopreneur.no\/#\/schema\/logo\/image\/\"}}]}<\/script>\n<!-- \/ Yoast SEO plugin. -->","yoast_head_json":{"title":"Styremedlemmers plikt - Coopreneur","robots":{"index":"index","follow":"follow","max-snippet":"max-snippet:-1","max-image-preview":"max-image-preview:large","max-video-preview":"max-video-preview:-1"},"canonical":"https:\/\/coopreneur.no\/index.php\/styremedlemmers-lojalitetsplikt\/","og_locale":"en_GB","og_type":"article","og_title":"Styremedlemmers plikt - Coopreneur","og_description":"Styremedlemmers lojalitetsplikt ovenfor aksjon\u00e6rer: Elefanten i Rommet \u201cSelv om en aksjon\u00e6r kan v\u00e6re deleier i et aksjeselskap, har han vanligvis ingen kontroll over den daglige ledelsen av selskapet. Styremedlemmene og &#8216;the officers\u2019 har direkte kontroll over selskapet, og derfor har de lojalitetsplikt [\u2019fiduciary duty\u2019] ovenfor eierne, som er aksjon\u00e6rene.\u201d \u00a0 \u00a0[The Houston Chronicle] Hvorfor er [&hellip;]","og_url":"https:\/\/coopreneur.no\/index.php\/styremedlemmers-lojalitetsplikt\/","og_site_name":"Coopreneur","article_modified_time":"2024-11-09T17:14:57+00:00","twitter_card":"summary_large_image","twitter_misc":{"Estimated reading time":"6 minutes"},"schema":{"@context":"https:\/\/schema.org","@graph":[{"@type":"WebPage","@id":"https:\/\/coopreneur.no\/index.php\/styremedlemmers-lojalitetsplikt\/","url":"https:\/\/coopreneur.no\/index.php\/styremedlemmers-lojalitetsplikt\/","name":"Styremedlemmers plikt - Coopreneur","isPartOf":{"@id":"https:\/\/coopreneur.no\/#website"},"datePublished":"2023-01-06T08:57:13+00:00","dateModified":"2024-11-09T17:14:57+00:00","breadcrumb":{"@id":"https:\/\/coopreneur.no\/index.php\/styremedlemmers-lojalitetsplikt\/#breadcrumb"},"inLanguage":"en-GB","potentialAction":[{"@type":"ReadAction","target":["https:\/\/coopreneur.no\/index.php\/styremedlemmers-lojalitetsplikt\/"]}]},{"@type":"BreadcrumbList","@id":"https:\/\/coopreneur.no\/index.php\/styremedlemmers-lojalitetsplikt\/#breadcrumb","itemListElement":[{"@type":"ListItem","position":1,"name":"Home","item":"https:\/\/coopreneur.no\/"},{"@type":"ListItem","position":2,"name":"Styremedlemmers plikt"}]},{"@type":"WebSite","@id":"https:\/\/coopreneur.no\/#website","url":"https:\/\/coopreneur.no\/","name":"Coopreneur","description":"Cooperative Social Entrepreneurship","publisher":{"@id":"https:\/\/coopreneur.no\/#organization"},"potentialAction":[{"@type":"SearchAction","target":{"@type":"EntryPoint","urlTemplate":"https:\/\/coopreneur.no\/?s={search_term_string}"},"query-input":{"@type":"PropertyValueSpecification","valueRequired":true,"valueName":"search_term_string"}}],"inLanguage":"en-GB"},{"@type":"Organization","@id":"https:\/\/coopreneur.no\/#organization","name":"Coopreneur","url":"https:\/\/coopreneur.no\/","logo":{"@type":"ImageObject","inLanguage":"en-GB","@id":"https:\/\/coopreneur.no\/#\/schema\/logo\/image\/","url":"https:\/\/coopreneur.no\/wp-content\/uploads\/2023\/01\/cropped-ic_launcher2-playstore.png","contentUrl":"https:\/\/coopreneur.no\/wp-content\/uploads\/2023\/01\/cropped-ic_launcher2-playstore.png","width":512,"height":512,"caption":"Coopreneur"},"image":{"@id":"https:\/\/coopreneur.no\/#\/schema\/logo\/image\/"}}]}},"_links":{"self":[{"href":"https:\/\/coopreneur.no\/index.php\/wp-json\/wp\/v2\/pages\/100","targetHints":{"allow":["GET"]}}],"collection":[{"href":"https:\/\/coopreneur.no\/index.php\/wp-json\/wp\/v2\/pages"}],"about":[{"href":"https:\/\/coopreneur.no\/index.php\/wp-json\/wp\/v2\/types\/page"}],"author":[{"embeddable":true,"href":"https:\/\/coopreneur.no\/index.php\/wp-json\/wp\/v2\/users\/2"}],"replies":[{"embeddable":true,"href":"https:\/\/coopreneur.no\/index.php\/wp-json\/wp\/v2\/comments?post=100"}],"version-history":[{"count":1,"href":"https:\/\/coopreneur.no\/index.php\/wp-json\/wp\/v2\/pages\/100\/revisions"}],"predecessor-version":[{"id":2288,"href":"https:\/\/coopreneur.no\/index.php\/wp-json\/wp\/v2\/pages\/100\/revisions\/2288"}],"wp:attachment":[{"href":"https:\/\/coopreneur.no\/index.php\/wp-json\/wp\/v2\/media?parent=100"}],"curies":[{"name":"wp","href":"https:\/\/api.w.org\/{rel}","templated":true}]}}